{"id":241,"date":"2024-12-17T12:55:54","date_gmt":"2024-12-17T12:55:54","guid":{"rendered":"https:\/\/spin-casino.bet\/vn\/?page_id=241"},"modified":"2025-02-27T13:13:11","modified_gmt":"2025-02-27T13:13:11","slug":"withdrawal","status":"publish","type":"page","link":"https:\/\/spin-casino.bet\/vn\/withdrawal\/","title":{"rendered":"R\u00fat ti\u1ec1n"},"content":{"rendered":"","protected":false},"excerpt":{"rendered":"","protected":false},"author":1,"featured_media":0,"parent":0,"menu_order":0,"comment_status":"closed","ping_status":"closed","template":"","meta":{"_acf_changed":false,"footnotes":""},"class_list":["post-241","page","type-page","status-publish","hentry"],"acf":[],"yoast_head":"<!-- This site is optimized with the Yoast SEO plugin v27.3 - https:\/\/yoast.com\/product\/yoast-seo-wordpress\/ -->\n<title>Quay s\u00f2ng b\u1ea1c th\u1eddi gian r\u00fat ti\u1ec1n v\u00e0 c\u00e1c s\u1eafc th\u00e1i kh\u00e1c c\u1ee7a thanh to\u00e1n<\/title>\n<meta name=\"description\" content=\"C\u00e1c t\u00ednh n\u0103ng c\u1ee7a g\u1eedi ti\u1ec1n v\u00e0 r\u00fat ti\u1ec1n t\u1eeb spin casino. T\u00ecm hi\u1ec3u c\u00e1c d\u1ecbch v\u1ee5 thanh to\u00e1n \u0111\u01b0\u1ee3c cung c\u1ea5p v\u00e0 chi ti\u1ebft v\u1ec1 c\u00e1ch s\u1eed d\u1ee5ng ch\u00fang.\" \/>\n<meta name=\"robots\" content=\"index, follow, max-snippet:-1, max-image-preview:large, max-video-preview:-1\" \/>\n<meta property=\"og:locale\" content=\"vi_VN\" \/>\n<meta property=\"og:type\" content=\"article\" \/>\n<meta property=\"og:title\" content=\"Quay s\u00f2ng b\u1ea1c th\u1eddi gian r\u00fat ti\u1ec1n v\u00e0 c\u00e1c s\u1eafc th\u00e1i kh\u00e1c c\u1ee7a thanh to\u00e1n\" \/>\n<meta property=\"og:description\" content=\"C\u00e1c t\u00ednh n\u0103ng c\u1ee7a g\u1eedi ti\u1ec1n v\u00e0 r\u00fat ti\u1ec1n t\u1eeb spin casino. T\u00ecm hi\u1ec3u c\u00e1c d\u1ecbch v\u1ee5 thanh to\u00e1n \u0111\u01b0\u1ee3c cung c\u1ea5p v\u00e0 chi ti\u1ebft v\u1ec1 c\u00e1ch s\u1eed d\u1ee5ng ch\u00fang.\" \/>\n<meta property=\"og:url\" content=\"https:\/\/spin-casino.bet\/vn\/withdrawal\/\" \/>\n<meta property=\"og:site_name\" content=\"Spin-Casino.bet VN\" \/>\n<meta property=\"article:modified_time\" content=\"2025-02-27T13:13:11+00:00\" \/>\n<meta name=\"twitter:card\" content=\"summary_large_image\" \/>\n<script type=\"application\/ld+json\" class=\"yoast-schema-graph\">{\"@context\":\"https:\\\/\\\/schema.org\",\"@graph\":[{\"@type\":\"WebPage\",\"@id\":\"https:\\\/\\\/spin-casino.bet\\\/vn\\\/withdrawal\\\/\",\"url\":\"https:\\\/\\\/spin-casino.bet\\\/vn\\\/withdrawal\\\/\",\"name\":\"Quay s\u00f2ng b\u1ea1c th\u1eddi gian r\u00fat ti\u1ec1n v\u00e0 c\u00e1c s\u1eafc th\u00e1i kh\u00e1c c\u1ee7a thanh to\u00e1n\",\"isPartOf\":{\"@id\":\"https:\\\/\\\/spin-casino.bet\\\/vn\\\/#website\"},\"datePublished\":\"2024-12-17T12:55:54+00:00\",\"dateModified\":\"2025-02-27T13:13:11+00:00\",\"description\":\"C\u00e1c t\u00ednh n\u0103ng c\u1ee7a g\u1eedi ti\u1ec1n v\u00e0 r\u00fat ti\u1ec1n t\u1eeb spin casino. T\u00ecm hi\u1ec3u c\u00e1c d\u1ecbch v\u1ee5 thanh to\u00e1n \u0111\u01b0\u1ee3c cung c\u1ea5p v\u00e0 chi ti\u1ebft v\u1ec1 c\u00e1ch s\u1eed d\u1ee5ng ch\u00fang.\",\"breadcrumb\":{\"@id\":\"https:\\\/\\\/spin-casino.bet\\\/vn\\\/withdrawal\\\/#breadcrumb\"},\"inLanguage\":\"vi\",\"potentialAction\":[{\"@type\":\"ReadAction\",\"target\":[\"https:\\\/\\\/spin-casino.bet\\\/vn\\\/withdrawal\\\/\"]}]},{\"@type\":\"BreadcrumbList\",\"@id\":\"https:\\\/\\\/spin-casino.bet\\\/vn\\\/withdrawal\\\/#breadcrumb\",\"itemListElement\":[{\"@type\":\"ListItem\",\"position\":1,\"name\":\"\u0413\u043b\u0430\u0432\u043d\u0430\u044f \u0441\u0442\u0440\u0430\u043d\u0438\u0446\u0430\",\"item\":\"https:\\\/\\\/spin-casino.bet\\\/vn\\\/\"},{\"@type\":\"ListItem\",\"position\":2,\"name\":\"R\u00fat ti\u1ec1n\"}]},{\"@type\":\"WebSite\",\"@id\":\"https:\\\/\\\/spin-casino.bet\\\/vn\\\/#website\",\"url\":\"https:\\\/\\\/spin-casino.bet\\\/vn\\\/\",\"name\":\"Spin-Casino.bet VN\",\"description\":\"\",\"potentialAction\":[{\"@type\":\"SearchAction\",\"target\":{\"@type\":\"EntryPoint\",\"urlTemplate\":\"https:\\\/\\\/spin-casino.bet\\\/vn\\\/?s={search_term_string}\"},\"query-input\":{\"@type\":\"PropertyValueSpecification\",\"valueRequired\":true,\"valueName\":\"search_term_string\"}}],\"inLanguage\":\"vi\"}]}<\/script>\n<!-- \/ Yoast SEO plugin. -->","yoast_head_json":{"title":"Quay s\u00f2ng b\u1ea1c th\u1eddi gian r\u00fat ti\u1ec1n v\u00e0 c\u00e1c s\u1eafc th\u00e1i kh\u00e1c c\u1ee7a thanh to\u00e1n","description":"C\u00e1c t\u00ednh n\u0103ng c\u1ee7a g\u1eedi ti\u1ec1n v\u00e0 r\u00fat ti\u1ec1n t\u1eeb spin casino. T\u00ecm hi\u1ec3u c\u00e1c d\u1ecbch v\u1ee5 thanh to\u00e1n \u0111\u01b0\u1ee3c cung c\u1ea5p v\u00e0 chi ti\u1ebft v\u1ec1 c\u00e1ch s\u1eed d\u1ee5ng ch\u00fang.","robots":{"index":"index","follow":"follow","max-snippet":"max-snippet:-1","max-image-preview":"max-image-preview:large","max-video-preview":"max-video-preview:-1"},"og_locale":"vi_VN","og_type":"article","og_title":"Quay s\u00f2ng b\u1ea1c th\u1eddi gian r\u00fat ti\u1ec1n v\u00e0 c\u00e1c s\u1eafc th\u00e1i kh\u00e1c c\u1ee7a thanh to\u00e1n","og_description":"C\u00e1c t\u00ednh n\u0103ng c\u1ee7a g\u1eedi ti\u1ec1n v\u00e0 r\u00fat ti\u1ec1n t\u1eeb spin casino. T\u00ecm hi\u1ec3u c\u00e1c d\u1ecbch v\u1ee5 thanh to\u00e1n \u0111\u01b0\u1ee3c cung c\u1ea5p v\u00e0 chi ti\u1ebft v\u1ec1 c\u00e1ch s\u1eed d\u1ee5ng ch\u00fang.","og_url":"https:\/\/spin-casino.bet\/vn\/withdrawal\/","og_site_name":"Spin-Casino.bet VN","article_modified_time":"2025-02-27T13:13:11+00:00","twitter_card":"summary_large_image","schema":{"@context":"https:\/\/schema.org","@graph":[{"@type":"WebPage","@id":"https:\/\/spin-casino.bet\/vn\/withdrawal\/","url":"https:\/\/spin-casino.bet\/vn\/withdrawal\/","name":"Quay s\u00f2ng b\u1ea1c th\u1eddi gian r\u00fat ti\u1ec1n v\u00e0 c\u00e1c s\u1eafc th\u00e1i kh\u00e1c c\u1ee7a thanh to\u00e1n","isPartOf":{"@id":"https:\/\/spin-casino.bet\/vn\/#website"},"datePublished":"2024-12-17T12:55:54+00:00","dateModified":"2025-02-27T13:13:11+00:00","description":"C\u00e1c t\u00ednh n\u0103ng c\u1ee7a g\u1eedi ti\u1ec1n v\u00e0 r\u00fat ti\u1ec1n t\u1eeb spin casino. T\u00ecm hi\u1ec3u c\u00e1c d\u1ecbch v\u1ee5 thanh to\u00e1n \u0111\u01b0\u1ee3c cung c\u1ea5p v\u00e0 chi ti\u1ebft v\u1ec1 c\u00e1ch s\u1eed d\u1ee5ng ch\u00fang.","breadcrumb":{"@id":"https:\/\/spin-casino.bet\/vn\/withdrawal\/#breadcrumb"},"inLanguage":"vi","potentialAction":[{"@type":"ReadAction","target":["https:\/\/spin-casino.bet\/vn\/withdrawal\/"]}]},{"@type":"BreadcrumbList","@id":"https:\/\/spin-casino.bet\/vn\/withdrawal\/#breadcrumb","itemListElement":[{"@type":"ListItem","position":1,"name":"\u0413\u043b\u0430\u0432\u043d\u0430\u044f \u0441\u0442\u0440\u0430\u043d\u0438\u0446\u0430","item":"https:\/\/spin-casino.bet\/vn\/"},{"@type":"ListItem","position":2,"name":"R\u00fat ti\u1ec1n"}]},{"@type":"WebSite","@id":"https:\/\/spin-casino.bet\/vn\/#website","url":"https:\/\/spin-casino.bet\/vn\/","name":"Spin-Casino.bet VN","description":"","potentialAction":[{"@type":"SearchAction","target":{"@type":"EntryPoint","urlTemplate":"https:\/\/spin-casino.bet\/vn\/?s={search_term_string}"},"query-input":{"@type":"PropertyValueSpecification","valueRequired":true,"valueName":"search_term_string"}}],"inLanguage":"vi"}]}},"_links":{"self":[{"href":"https:\/\/spin-casino.bet\/vn\/wp-json\/wp\/v2\/pages\/241","targetHints":{"allow":["GET"]}}],"collection":[{"href":"https:\/\/spin-casino.bet\/vn\/wp-json\/wp\/v2\/pages"}],"about":[{"href":"https:\/\/spin-casino.bet\/vn\/wp-json\/wp\/v2\/types\/page"}],"author":[{"embeddable":true,"href":"https:\/\/spin-casino.bet\/vn\/wp-json\/wp\/v2\/users\/1"}],"replies":[{"embeddable":true,"href":"https:\/\/spin-casino.bet\/vn\/wp-json\/wp\/v2\/comments?post=241"}],"version-history":[{"count":9,"href":"https:\/\/spin-casino.bet\/vn\/wp-json\/wp\/v2\/pages\/241\/revisions"}],"predecessor-version":[{"id":302,"href":"https:\/\/spin-casino.bet\/vn\/wp-json\/wp\/v2\/pages\/241\/revisions\/302"}],"wp:attachment":[{"href":"https:\/\/spin-casino.bet\/vn\/wp-json\/wp\/v2\/media?parent=241"}],"curies":[{"name":"wp","href":"https:\/\/api.w.org\/{rel}","templated":true}]}}