{"id":2,"date":"2023-05-18T17:18:34","date_gmt":"2023-05-18T17:18:34","guid":{"rendered":"https:\/\/spin-casino.bet\/vn\/?page_id=2"},"modified":"2025-02-27T12:13:03","modified_gmt":"2025-02-27T12:13:03","slug":"sample-page","status":"publish","type":"page","link":"https:\/\/spin-casino.bet\/vn\/","title":{"rendered":"Trang ch\u1ee7"},"content":{"rendered":"","protected":false},"excerpt":{"rendered":"","protected":false},"author":1,"featured_media":0,"parent":0,"menu_order":0,"comment_status":"closed","ping_status":"open","template":"","meta":{"_acf_changed":false,"footnotes":""},"class_list":["post-2","page","type-page","status-publish","hentry"],"acf":[],"yoast_head":"<!-- This site is optimized with the Yoast SEO plugin v27.3 - https:\/\/yoast.com\/product\/yoast-seo-wordpress\/ -->\n<title>Quay S\u00f2ng B\u1ea1c cho nh\u1eefng c\u1ea3m x\u00fac s\u1ed1ng \u0111\u1ed9ng c\u1ee7a ng\u01b0\u1eddi ch\u01a1i<\/title>\n<meta name=\"description\" content=\"Quay S\u00f2ng B\u1ea1c cung c\u1ea5p c\u00e1c tr\u00f2 ch\u01a1i t\u1ed1t nh\u1ea5t v\u00e0 ti\u1ec1n th\u01b0\u1edfng. M\u1ed9t ch\u01b0\u01a1ng tr\u00ecnh kh\u00e1ch h\u00e0ng th\u00e2n thi\u1ebft c\u00f3 s\u1eb5n \u1edf \u0111\u00e2y, c\u00e1c h\u1ec7 th\u1ed1ng b\u1ea3o m\u1eadt \u0111\u00e1ng tin c\u1eady \u0111\u01b0\u1ee3c s\u1eed d\u1ee5ng. Ch\u01a1i tr\u1ef1c tuy\u1ebfn v\u00e0 t\u1eadn h\u01b0\u1edfng qu\u00e1 tr\u00ecnh.\" \/>\n<meta name=\"robots\" content=\"index, follow, max-snippet:-1, max-image-preview:large, max-video-preview:-1\" \/>\n<meta property=\"og:locale\" content=\"vi_VN\" \/>\n<meta property=\"og:type\" content=\"article\" \/>\n<meta property=\"og:title\" content=\"Quay S\u00f2ng B\u1ea1c cho nh\u1eefng c\u1ea3m x\u00fac s\u1ed1ng \u0111\u1ed9ng c\u1ee7a ng\u01b0\u1eddi ch\u01a1i\" \/>\n<meta property=\"og:description\" content=\"Quay S\u00f2ng B\u1ea1c cung c\u1ea5p c\u00e1c tr\u00f2 ch\u01a1i t\u1ed1t nh\u1ea5t v\u00e0 ti\u1ec1n th\u01b0\u1edfng. M\u1ed9t ch\u01b0\u01a1ng tr\u00ecnh kh\u00e1ch h\u00e0ng th\u00e2n thi\u1ebft c\u00f3 s\u1eb5n \u1edf \u0111\u00e2y, c\u00e1c h\u1ec7 th\u1ed1ng b\u1ea3o m\u1eadt \u0111\u00e1ng tin c\u1eady \u0111\u01b0\u1ee3c s\u1eed d\u1ee5ng. Ch\u01a1i tr\u1ef1c tuy\u1ebfn v\u00e0 t\u1eadn h\u01b0\u1edfng qu\u00e1 tr\u00ecnh.\" \/>\n<meta property=\"og:url\" content=\"https:\/\/spin-casino.bet\/vn\/\" \/>\n<meta property=\"og:site_name\" content=\"Spin-Casino.bet VN\" \/>\n<meta property=\"article:modified_time\" content=\"2025-02-27T12:13:03+00:00\" \/>\n<meta name=\"twitter:card\" content=\"summary_large_image\" \/>\n<script type=\"application\/ld+json\" class=\"yoast-schema-graph\">{\"@context\":\"https:\\\/\\\/schema.org\",\"@graph\":[{\"@type\":\"WebPage\",\"@id\":\"https:\\\/\\\/spin-casino.bet\\\/vn\\\/\",\"url\":\"https:\\\/\\\/spin-casino.bet\\\/vn\\\/\",\"name\":\"Quay S\u00f2ng B\u1ea1c cho nh\u1eefng c\u1ea3m x\u00fac s\u1ed1ng \u0111\u1ed9ng c\u1ee7a ng\u01b0\u1eddi ch\u01a1i\",\"isPartOf\":{\"@id\":\"https:\\\/\\\/spin-casino.bet\\\/vn\\\/#website\"},\"datePublished\":\"2023-05-18T17:18:34+00:00\",\"dateModified\":\"2025-02-27T12:13:03+00:00\",\"description\":\"Quay S\u00f2ng B\u1ea1c cung c\u1ea5p c\u00e1c tr\u00f2 ch\u01a1i t\u1ed1t nh\u1ea5t v\u00e0 ti\u1ec1n th\u01b0\u1edfng. M\u1ed9t ch\u01b0\u01a1ng tr\u00ecnh kh\u00e1ch h\u00e0ng th\u00e2n thi\u1ebft c\u00f3 s\u1eb5n \u1edf \u0111\u00e2y, c\u00e1c h\u1ec7 th\u1ed1ng b\u1ea3o m\u1eadt \u0111\u00e1ng tin c\u1eady \u0111\u01b0\u1ee3c s\u1eed d\u1ee5ng. Ch\u01a1i tr\u1ef1c tuy\u1ebfn v\u00e0 t\u1eadn h\u01b0\u1edfng qu\u00e1 tr\u00ecnh.\",\"breadcrumb\":{\"@id\":\"https:\\\/\\\/spin-casino.bet\\\/vn\\\/#breadcrumb\"},\"inLanguage\":\"vi\",\"potentialAction\":[{\"@type\":\"ReadAction\",\"target\":[\"https:\\\/\\\/spin-casino.bet\\\/vn\\\/\"]}]},{\"@type\":\"BreadcrumbList\",\"@id\":\"https:\\\/\\\/spin-casino.bet\\\/vn\\\/#breadcrumb\",\"itemListElement\":[{\"@type\":\"ListItem\",\"position\":1,\"name\":\"\u0413\u043b\u0430\u0432\u043d\u0430\u044f \u0441\u0442\u0440\u0430\u043d\u0438\u0446\u0430\",\"item\":\"https:\\\/\\\/spin-casino.bet\\\/vn\\\/\"},{\"@type\":\"ListItem\",\"position\":2,\"name\":\"Trang ch\u1ee7\"}]},{\"@type\":\"WebSite\",\"@id\":\"https:\\\/\\\/spin-casino.bet\\\/vn\\\/#website\",\"url\":\"https:\\\/\\\/spin-casino.bet\\\/vn\\\/\",\"name\":\"Spin-Casino.bet VN\",\"description\":\"\",\"potentialAction\":[{\"@type\":\"SearchAction\",\"target\":{\"@type\":\"EntryPoint\",\"urlTemplate\":\"https:\\\/\\\/spin-casino.bet\\\/vn\\\/?s={search_term_string}\"},\"query-input\":{\"@type\":\"PropertyValueSpecification\",\"valueRequired\":true,\"valueName\":\"search_term_string\"}}],\"inLanguage\":\"vi\"}]}<\/script>\n<!-- \/ Yoast SEO plugin. -->","yoast_head_json":{"title":"Quay S\u00f2ng B\u1ea1c cho nh\u1eefng c\u1ea3m x\u00fac s\u1ed1ng \u0111\u1ed9ng c\u1ee7a ng\u01b0\u1eddi ch\u01a1i","description":"Quay S\u00f2ng B\u1ea1c cung c\u1ea5p c\u00e1c tr\u00f2 ch\u01a1i t\u1ed1t nh\u1ea5t v\u00e0 ti\u1ec1n th\u01b0\u1edfng. M\u1ed9t ch\u01b0\u01a1ng tr\u00ecnh kh\u00e1ch h\u00e0ng th\u00e2n thi\u1ebft c\u00f3 s\u1eb5n \u1edf \u0111\u00e2y, c\u00e1c h\u1ec7 th\u1ed1ng b\u1ea3o m\u1eadt \u0111\u00e1ng tin c\u1eady \u0111\u01b0\u1ee3c s\u1eed d\u1ee5ng. Ch\u01a1i tr\u1ef1c tuy\u1ebfn v\u00e0 t\u1eadn h\u01b0\u1edfng qu\u00e1 tr\u00ecnh.","robots":{"index":"index","follow":"follow","max-snippet":"max-snippet:-1","max-image-preview":"max-image-preview:large","max-video-preview":"max-video-preview:-1"},"og_locale":"vi_VN","og_type":"article","og_title":"Quay S\u00f2ng B\u1ea1c cho nh\u1eefng c\u1ea3m x\u00fac s\u1ed1ng \u0111\u1ed9ng c\u1ee7a ng\u01b0\u1eddi ch\u01a1i","og_description":"Quay S\u00f2ng B\u1ea1c cung c\u1ea5p c\u00e1c tr\u00f2 ch\u01a1i t\u1ed1t nh\u1ea5t v\u00e0 ti\u1ec1n th\u01b0\u1edfng. M\u1ed9t ch\u01b0\u01a1ng tr\u00ecnh kh\u00e1ch h\u00e0ng th\u00e2n thi\u1ebft c\u00f3 s\u1eb5n \u1edf \u0111\u00e2y, c\u00e1c h\u1ec7 th\u1ed1ng b\u1ea3o m\u1eadt \u0111\u00e1ng tin c\u1eady \u0111\u01b0\u1ee3c s\u1eed d\u1ee5ng. Ch\u01a1i tr\u1ef1c tuy\u1ebfn v\u00e0 t\u1eadn h\u01b0\u1edfng qu\u00e1 tr\u00ecnh.","og_url":"https:\/\/spin-casino.bet\/vn\/","og_site_name":"Spin-Casino.bet VN","article_modified_time":"2025-02-27T12:13:03+00:00","twitter_card":"summary_large_image","schema":{"@context":"https:\/\/schema.org","@graph":[{"@type":"WebPage","@id":"https:\/\/spin-casino.bet\/vn\/","url":"https:\/\/spin-casino.bet\/vn\/","name":"Quay S\u00f2ng B\u1ea1c cho nh\u1eefng c\u1ea3m x\u00fac s\u1ed1ng \u0111\u1ed9ng c\u1ee7a ng\u01b0\u1eddi ch\u01a1i","isPartOf":{"@id":"https:\/\/spin-casino.bet\/vn\/#website"},"datePublished":"2023-05-18T17:18:34+00:00","dateModified":"2025-02-27T12:13:03+00:00","description":"Quay S\u00f2ng B\u1ea1c cung c\u1ea5p c\u00e1c tr\u00f2 ch\u01a1i t\u1ed1t nh\u1ea5t v\u00e0 ti\u1ec1n th\u01b0\u1edfng. M\u1ed9t ch\u01b0\u01a1ng tr\u00ecnh kh\u00e1ch h\u00e0ng th\u00e2n thi\u1ebft c\u00f3 s\u1eb5n \u1edf \u0111\u00e2y, c\u00e1c h\u1ec7 th\u1ed1ng b\u1ea3o m\u1eadt \u0111\u00e1ng tin c\u1eady \u0111\u01b0\u1ee3c s\u1eed d\u1ee5ng. Ch\u01a1i tr\u1ef1c tuy\u1ebfn v\u00e0 t\u1eadn h\u01b0\u1edfng qu\u00e1 tr\u00ecnh.","breadcrumb":{"@id":"https:\/\/spin-casino.bet\/vn\/#breadcrumb"},"inLanguage":"vi","potentialAction":[{"@type":"ReadAction","target":["https:\/\/spin-casino.bet\/vn\/"]}]},{"@type":"BreadcrumbList","@id":"https:\/\/spin-casino.bet\/vn\/#breadcrumb","itemListElement":[{"@type":"ListItem","position":1,"name":"\u0413\u043b\u0430\u0432\u043d\u0430\u044f \u0441\u0442\u0440\u0430\u043d\u0438\u0446\u0430","item":"https:\/\/spin-casino.bet\/vn\/"},{"@type":"ListItem","position":2,"name":"Trang ch\u1ee7"}]},{"@type":"WebSite","@id":"https:\/\/spin-casino.bet\/vn\/#website","url":"https:\/\/spin-casino.bet\/vn\/","name":"Spin-Casino.bet VN","description":"","potentialAction":[{"@type":"SearchAction","target":{"@type":"EntryPoint","urlTemplate":"https:\/\/spin-casino.bet\/vn\/?s={search_term_string}"},"query-input":{"@type":"PropertyValueSpecification","valueRequired":true,"valueName":"search_term_string"}}],"inLanguage":"vi"}]}},"_links":{"self":[{"href":"https:\/\/spin-casino.bet\/vn\/wp-json\/wp\/v2\/pages\/2","targetHints":{"allow":["GET"]}}],"collection":[{"href":"https:\/\/spin-casino.bet\/vn\/wp-json\/wp\/v2\/pages"}],"about":[{"href":"https:\/\/spin-casino.bet\/vn\/wp-json\/wp\/v2\/types\/page"}],"author":[{"embeddable":true,"href":"https:\/\/spin-casino.bet\/vn\/wp-json\/wp\/v2\/users\/1"}],"replies":[{"embeddable":true,"href":"https:\/\/spin-casino.bet\/vn\/wp-json\/wp\/v2\/comments?post=2"}],"version-history":[{"count":17,"href":"https:\/\/spin-casino.bet\/vn\/wp-json\/wp\/v2\/pages\/2\/revisions"}],"predecessor-version":[{"id":282,"href":"https:\/\/spin-casino.bet\/vn\/wp-json\/wp\/v2\/pages\/2\/revisions\/282"}],"wp:attachment":[{"href":"https:\/\/spin-casino.bet\/vn\/wp-json\/wp\/v2\/media?parent=2"}],"curies":[{"name":"wp","href":"https:\/\/api.w.org\/{rel}","templated":true}]}}