{"id":172,"date":"2024-12-17T07:15:52","date_gmt":"2024-12-17T07:15:52","guid":{"rendered":"https:\/\/spin-casino.bet\/vn\/?page_id=172"},"modified":"2025-02-27T12:54:52","modified_gmt":"2025-02-27T12:54:52","slug":"registration","status":"publish","type":"page","link":"https:\/\/spin-casino.bet\/vn\/registration\/","title":{"rendered":"\u0110\u0103ng k\u00fd"},"content":{"rendered":"","protected":false},"excerpt":{"rendered":"","protected":false},"author":1,"featured_media":0,"parent":0,"menu_order":0,"comment_status":"closed","ping_status":"closed","template":"","meta":{"_acf_changed":false,"footnotes":""},"class_list":["post-172","page","type-page","status-publish","hentry"],"acf":[],"yoast_head":"<!-- This site is optimized with the Yoast SEO plugin v27.3 - https:\/\/yoast.com\/product\/yoast-seo-wordpress\/ -->\n<title>Quay S\u00f2ng B\u1ea1c \u0111\u0103ng nh\u1eadp v\u00e0 \u0111\u0103ng k\u00fd cho con b\u1ea1c<\/title>\n<meta name=\"description\" content=\"T\u1ea1o m\u1ed9t t\u00e0i kho\u1ea3n tr\u00ean trang web ch\u00ednh th\u1ee9c v\u00e0 th\u01b0\u1edfng th\u1ee9c tr\u00f2 ch\u01a1i. C\u0169ng nh\u1eadn \u0111\u01b0\u1ee3c Quay S\u00f2ng B\u1ea1c \u0111\u0103ng k\u00fd ti\u1ec1n th\u01b0\u1edfng cho nh\u1eefng \u0111i\u1ec3m n\u1ed5i b\u1eadt.\" \/>\n<meta name=\"robots\" content=\"index, follow, max-snippet:-1, max-image-preview:large, max-video-preview:-1\" \/>\n<meta property=\"og:locale\" content=\"vi_VN\" \/>\n<meta property=\"og:type\" content=\"article\" \/>\n<meta property=\"og:title\" content=\"Quay S\u00f2ng B\u1ea1c \u0111\u0103ng nh\u1eadp v\u00e0 \u0111\u0103ng k\u00fd cho con b\u1ea1c\" \/>\n<meta property=\"og:description\" content=\"T\u1ea1o m\u1ed9t t\u00e0i kho\u1ea3n tr\u00ean trang web ch\u00ednh th\u1ee9c v\u00e0 th\u01b0\u1edfng th\u1ee9c tr\u00f2 ch\u01a1i. C\u0169ng nh\u1eadn \u0111\u01b0\u1ee3c Quay S\u00f2ng B\u1ea1c \u0111\u0103ng k\u00fd ti\u1ec1n th\u01b0\u1edfng cho nh\u1eefng \u0111i\u1ec3m n\u1ed5i b\u1eadt.\" \/>\n<meta property=\"og:url\" content=\"https:\/\/spin-casino.bet\/vn\/registration\/\" \/>\n<meta property=\"og:site_name\" content=\"Spin-Casino.bet VN\" \/>\n<meta property=\"article:modified_time\" content=\"2025-02-27T12:54:52+00:00\" \/>\n<meta name=\"twitter:card\" content=\"summary_large_image\" \/>\n<script type=\"application\/ld+json\" class=\"yoast-schema-graph\">{\"@context\":\"https:\\\/\\\/schema.org\",\"@graph\":[{\"@type\":\"WebPage\",\"@id\":\"https:\\\/\\\/spin-casino.bet\\\/vn\\\/registration\\\/\",\"url\":\"https:\\\/\\\/spin-casino.bet\\\/vn\\\/registration\\\/\",\"name\":\"Quay S\u00f2ng B\u1ea1c \u0111\u0103ng nh\u1eadp v\u00e0 \u0111\u0103ng k\u00fd cho con b\u1ea1c\",\"isPartOf\":{\"@id\":\"https:\\\/\\\/spin-casino.bet\\\/vn\\\/#website\"},\"datePublished\":\"2024-12-17T07:15:52+00:00\",\"dateModified\":\"2025-02-27T12:54:52+00:00\",\"description\":\"T\u1ea1o m\u1ed9t t\u00e0i kho\u1ea3n tr\u00ean trang web ch\u00ednh th\u1ee9c v\u00e0 th\u01b0\u1edfng th\u1ee9c tr\u00f2 ch\u01a1i. C\u0169ng nh\u1eadn \u0111\u01b0\u1ee3c Quay S\u00f2ng B\u1ea1c \u0111\u0103ng k\u00fd ti\u1ec1n th\u01b0\u1edfng cho nh\u1eefng \u0111i\u1ec3m n\u1ed5i b\u1eadt.\",\"breadcrumb\":{\"@id\":\"https:\\\/\\\/spin-casino.bet\\\/vn\\\/registration\\\/#breadcrumb\"},\"inLanguage\":\"vi\",\"potentialAction\":[{\"@type\":\"ReadAction\",\"target\":[\"https:\\\/\\\/spin-casino.bet\\\/vn\\\/registration\\\/\"]}]},{\"@type\":\"BreadcrumbList\",\"@id\":\"https:\\\/\\\/spin-casino.bet\\\/vn\\\/registration\\\/#breadcrumb\",\"itemListElement\":[{\"@type\":\"ListItem\",\"position\":1,\"name\":\"\u0413\u043b\u0430\u0432\u043d\u0430\u044f \u0441\u0442\u0440\u0430\u043d\u0438\u0446\u0430\",\"item\":\"https:\\\/\\\/spin-casino.bet\\\/vn\\\/\"},{\"@type\":\"ListItem\",\"position\":2,\"name\":\"\u0110\u0103ng k\u00fd\"}]},{\"@type\":\"WebSite\",\"@id\":\"https:\\\/\\\/spin-casino.bet\\\/vn\\\/#website\",\"url\":\"https:\\\/\\\/spin-casino.bet\\\/vn\\\/\",\"name\":\"Spin-Casino.bet VN\",\"description\":\"\",\"potentialAction\":[{\"@type\":\"SearchAction\",\"target\":{\"@type\":\"EntryPoint\",\"urlTemplate\":\"https:\\\/\\\/spin-casino.bet\\\/vn\\\/?s={search_term_string}\"},\"query-input\":{\"@type\":\"PropertyValueSpecification\",\"valueRequired\":true,\"valueName\":\"search_term_string\"}}],\"inLanguage\":\"vi\"}]}<\/script>\n<!-- \/ Yoast SEO plugin. -->","yoast_head_json":{"title":"Quay S\u00f2ng B\u1ea1c \u0111\u0103ng nh\u1eadp v\u00e0 \u0111\u0103ng k\u00fd cho con b\u1ea1c","description":"T\u1ea1o m\u1ed9t t\u00e0i kho\u1ea3n tr\u00ean trang web ch\u00ednh th\u1ee9c v\u00e0 th\u01b0\u1edfng th\u1ee9c tr\u00f2 ch\u01a1i. C\u0169ng nh\u1eadn \u0111\u01b0\u1ee3c Quay S\u00f2ng B\u1ea1c \u0111\u0103ng k\u00fd ti\u1ec1n th\u01b0\u1edfng cho nh\u1eefng \u0111i\u1ec3m n\u1ed5i b\u1eadt.","robots":{"index":"index","follow":"follow","max-snippet":"max-snippet:-1","max-image-preview":"max-image-preview:large","max-video-preview":"max-video-preview:-1"},"og_locale":"vi_VN","og_type":"article","og_title":"Quay S\u00f2ng B\u1ea1c \u0111\u0103ng nh\u1eadp v\u00e0 \u0111\u0103ng k\u00fd cho con b\u1ea1c","og_description":"T\u1ea1o m\u1ed9t t\u00e0i kho\u1ea3n tr\u00ean trang web ch\u00ednh th\u1ee9c v\u00e0 th\u01b0\u1edfng th\u1ee9c tr\u00f2 ch\u01a1i. C\u0169ng nh\u1eadn \u0111\u01b0\u1ee3c Quay S\u00f2ng B\u1ea1c \u0111\u0103ng k\u00fd ti\u1ec1n th\u01b0\u1edfng cho nh\u1eefng \u0111i\u1ec3m n\u1ed5i b\u1eadt.","og_url":"https:\/\/spin-casino.bet\/vn\/registration\/","og_site_name":"Spin-Casino.bet VN","article_modified_time":"2025-02-27T12:54:52+00:00","twitter_card":"summary_large_image","schema":{"@context":"https:\/\/schema.org","@graph":[{"@type":"WebPage","@id":"https:\/\/spin-casino.bet\/vn\/registration\/","url":"https:\/\/spin-casino.bet\/vn\/registration\/","name":"Quay S\u00f2ng B\u1ea1c \u0111\u0103ng nh\u1eadp v\u00e0 \u0111\u0103ng k\u00fd cho con b\u1ea1c","isPartOf":{"@id":"https:\/\/spin-casino.bet\/vn\/#website"},"datePublished":"2024-12-17T07:15:52+00:00","dateModified":"2025-02-27T12:54:52+00:00","description":"T\u1ea1o m\u1ed9t t\u00e0i kho\u1ea3n tr\u00ean trang web ch\u00ednh th\u1ee9c v\u00e0 th\u01b0\u1edfng th\u1ee9c tr\u00f2 ch\u01a1i. C\u0169ng nh\u1eadn \u0111\u01b0\u1ee3c Quay S\u00f2ng B\u1ea1c \u0111\u0103ng k\u00fd ti\u1ec1n th\u01b0\u1edfng cho nh\u1eefng \u0111i\u1ec3m n\u1ed5i b\u1eadt.","breadcrumb":{"@id":"https:\/\/spin-casino.bet\/vn\/registration\/#breadcrumb"},"inLanguage":"vi","potentialAction":[{"@type":"ReadAction","target":["https:\/\/spin-casino.bet\/vn\/registration\/"]}]},{"@type":"BreadcrumbList","@id":"https:\/\/spin-casino.bet\/vn\/registration\/#breadcrumb","itemListElement":[{"@type":"ListItem","position":1,"name":"\u0413\u043b\u0430\u0432\u043d\u0430\u044f \u0441\u0442\u0440\u0430\u043d\u0438\u0446\u0430","item":"https:\/\/spin-casino.bet\/vn\/"},{"@type":"ListItem","position":2,"name":"\u0110\u0103ng k\u00fd"}]},{"@type":"WebSite","@id":"https:\/\/spin-casino.bet\/vn\/#website","url":"https:\/\/spin-casino.bet\/vn\/","name":"Spin-Casino.bet VN","description":"","potentialAction":[{"@type":"SearchAction","target":{"@type":"EntryPoint","urlTemplate":"https:\/\/spin-casino.bet\/vn\/?s={search_term_string}"},"query-input":{"@type":"PropertyValueSpecification","valueRequired":true,"valueName":"search_term_string"}}],"inLanguage":"vi"}]}},"_links":{"self":[{"href":"https:\/\/spin-casino.bet\/vn\/wp-json\/wp\/v2\/pages\/172","targetHints":{"allow":["GET"]}}],"collection":[{"href":"https:\/\/spin-casino.bet\/vn\/wp-json\/wp\/v2\/pages"}],"about":[{"href":"https:\/\/spin-casino.bet\/vn\/wp-json\/wp\/v2\/types\/page"}],"author":[{"embeddable":true,"href":"https:\/\/spin-casino.bet\/vn\/wp-json\/wp\/v2\/users\/1"}],"replies":[{"embeddable":true,"href":"https:\/\/spin-casino.bet\/vn\/wp-json\/wp\/v2\/comments?post=172"}],"version-history":[{"count":12,"href":"https:\/\/spin-casino.bet\/vn\/wp-json\/wp\/v2\/pages\/172\/revisions"}],"predecessor-version":[{"id":297,"href":"https:\/\/spin-casino.bet\/vn\/wp-json\/wp\/v2\/pages\/172\/revisions\/297"}],"wp:attachment":[{"href":"https:\/\/spin-casino.bet\/vn\/wp-json\/wp\/v2\/media?parent=172"}],"curies":[{"name":"wp","href":"https:\/\/api.w.org\/{rel}","templated":true}]}}