{"id":167,"date":"2024-12-16T14:21:13","date_gmt":"2024-12-16T14:21:13","guid":{"rendered":"https:\/\/spin-casino.bet\/vn\/?page_id=167"},"modified":"2025-02-27T11:58:24","modified_gmt":"2025-02-27T11:58:24","slug":"casino","status":"publish","type":"page","link":"https:\/\/spin-casino.bet\/vn\/casino\/","title":{"rendered":"S\u00f2ng b\u1ea1c"},"content":{"rendered":"","protected":false},"excerpt":{"rendered":"","protected":false},"author":1,"featured_media":0,"parent":0,"menu_order":0,"comment_status":"closed","ping_status":"closed","template":"","meta":{"_acf_changed":false,"footnotes":""},"class_list":["post-167","page","type-page","status-publish","hentry"],"acf":[],"yoast_head":"<!-- This site is optimized with the Yoast SEO plugin v27.3 - https:\/\/yoast.com\/product\/yoast-seo-wordpress\/ -->\n<title>Tr\u00f2 Ch\u01a1i S\u00f2ng B\u1ea1c quay cho nh\u1eefng cu\u1ed9c phi\u00eau l\u01b0u \u0111\u1ea7y m\u00e0u s\u1eafc v\u00e0 nh\u1eefng kho\u1ea3n thanh to\u00e1n l\u1edbn<\/title>\n<meta name=\"description\" content=\"Ch\u1ecdn t\u1eeb m\u1ed9t lo\u1ea1t C\u00e1c Khe Casino Quay v\u00e0 th\u00edch ch\u01a1i l\u00fac r\u1ea3nh r\u1ed7i c\u1ee7a b\u1ea1n. Nh\u1edd s\u1ef1 h\u1ee3p t\u00e1c c\u1ee7a ch\u00fang t\u00f4i v\u1edbi c\u00e1c nh\u00e0 cung c\u1ea5p ph\u1ed5 bi\u1ebfn, ch\u00fang t\u00f4i cung c\u1ea5p m\u1ed9t lo\u1ea1t c\u00e1c tr\u00f2 ch\u01a1i \u0111\u1ec3 ph\u00f9 h\u1ee3p v\u1edbi m\u1ecdi s\u1edf th\u00edch.\" \/>\n<meta name=\"robots\" content=\"index, follow, max-snippet:-1, max-image-preview:large, max-video-preview:-1\" \/>\n<meta property=\"og:locale\" content=\"vi_VN\" \/>\n<meta property=\"og:type\" content=\"article\" \/>\n<meta property=\"og:title\" content=\"Tr\u00f2 Ch\u01a1i S\u00f2ng B\u1ea1c quay cho nh\u1eefng cu\u1ed9c phi\u00eau l\u01b0u \u0111\u1ea7y m\u00e0u s\u1eafc v\u00e0 nh\u1eefng kho\u1ea3n thanh to\u00e1n l\u1edbn\" \/>\n<meta property=\"og:description\" content=\"Ch\u1ecdn t\u1eeb m\u1ed9t lo\u1ea1t C\u00e1c Khe Casino Quay v\u00e0 th\u00edch ch\u01a1i l\u00fac r\u1ea3nh r\u1ed7i c\u1ee7a b\u1ea1n. Nh\u1edd s\u1ef1 h\u1ee3p t\u00e1c c\u1ee7a ch\u00fang t\u00f4i v\u1edbi c\u00e1c nh\u00e0 cung c\u1ea5p ph\u1ed5 bi\u1ebfn, ch\u00fang t\u00f4i cung c\u1ea5p m\u1ed9t lo\u1ea1t c\u00e1c tr\u00f2 ch\u01a1i \u0111\u1ec3 ph\u00f9 h\u1ee3p v\u1edbi m\u1ecdi s\u1edf th\u00edch.\" \/>\n<meta property=\"og:url\" content=\"https:\/\/spin-casino.bet\/vn\/casino\/\" \/>\n<meta property=\"og:site_name\" content=\"Spin-Casino.bet VN\" \/>\n<meta property=\"article:modified_time\" content=\"2025-02-27T11:58:24+00:00\" \/>\n<meta name=\"twitter:card\" content=\"summary_large_image\" \/>\n<script type=\"application\/ld+json\" class=\"yoast-schema-graph\">{\"@context\":\"https:\\\/\\\/schema.org\",\"@graph\":[{\"@type\":\"WebPage\",\"@id\":\"https:\\\/\\\/spin-casino.bet\\\/vn\\\/casino\\\/\",\"url\":\"https:\\\/\\\/spin-casino.bet\\\/vn\\\/casino\\\/\",\"name\":\"Tr\u00f2 Ch\u01a1i S\u00f2ng B\u1ea1c quay cho nh\u1eefng cu\u1ed9c phi\u00eau l\u01b0u \u0111\u1ea7y m\u00e0u s\u1eafc v\u00e0 nh\u1eefng kho\u1ea3n thanh to\u00e1n l\u1edbn\",\"isPartOf\":{\"@id\":\"https:\\\/\\\/spin-casino.bet\\\/vn\\\/#website\"},\"datePublished\":\"2024-12-16T14:21:13+00:00\",\"dateModified\":\"2025-02-27T11:58:24+00:00\",\"description\":\"Ch\u1ecdn t\u1eeb m\u1ed9t lo\u1ea1t C\u00e1c Khe Casino Quay v\u00e0 th\u00edch ch\u01a1i l\u00fac r\u1ea3nh r\u1ed7i c\u1ee7a b\u1ea1n. Nh\u1edd s\u1ef1 h\u1ee3p t\u00e1c c\u1ee7a ch\u00fang t\u00f4i v\u1edbi c\u00e1c nh\u00e0 cung c\u1ea5p ph\u1ed5 bi\u1ebfn, ch\u00fang t\u00f4i cung c\u1ea5p m\u1ed9t lo\u1ea1t c\u00e1c tr\u00f2 ch\u01a1i \u0111\u1ec3 ph\u00f9 h\u1ee3p v\u1edbi m\u1ecdi s\u1edf th\u00edch.\",\"breadcrumb\":{\"@id\":\"https:\\\/\\\/spin-casino.bet\\\/vn\\\/casino\\\/#breadcrumb\"},\"inLanguage\":\"vi\",\"potentialAction\":[{\"@type\":\"ReadAction\",\"target\":[\"https:\\\/\\\/spin-casino.bet\\\/vn\\\/casino\\\/\"]}]},{\"@type\":\"BreadcrumbList\",\"@id\":\"https:\\\/\\\/spin-casino.bet\\\/vn\\\/casino\\\/#breadcrumb\",\"itemListElement\":[{\"@type\":\"ListItem\",\"position\":1,\"name\":\"\u0413\u043b\u0430\u0432\u043d\u0430\u044f \u0441\u0442\u0440\u0430\u043d\u0438\u0446\u0430\",\"item\":\"https:\\\/\\\/spin-casino.bet\\\/vn\\\/\"},{\"@type\":\"ListItem\",\"position\":2,\"name\":\"S\u00f2ng b\u1ea1c\"}]},{\"@type\":\"WebSite\",\"@id\":\"https:\\\/\\\/spin-casino.bet\\\/vn\\\/#website\",\"url\":\"https:\\\/\\\/spin-casino.bet\\\/vn\\\/\",\"name\":\"Spin-Casino.bet VN\",\"description\":\"\",\"potentialAction\":[{\"@type\":\"SearchAction\",\"target\":{\"@type\":\"EntryPoint\",\"urlTemplate\":\"https:\\\/\\\/spin-casino.bet\\\/vn\\\/?s={search_term_string}\"},\"query-input\":{\"@type\":\"PropertyValueSpecification\",\"valueRequired\":true,\"valueName\":\"search_term_string\"}}],\"inLanguage\":\"vi\"}]}<\/script>\n<!-- \/ Yoast SEO plugin. -->","yoast_head_json":{"title":"Tr\u00f2 Ch\u01a1i S\u00f2ng B\u1ea1c quay cho nh\u1eefng cu\u1ed9c phi\u00eau l\u01b0u \u0111\u1ea7y m\u00e0u s\u1eafc v\u00e0 nh\u1eefng kho\u1ea3n thanh to\u00e1n l\u1edbn","description":"Ch\u1ecdn t\u1eeb m\u1ed9t lo\u1ea1t C\u00e1c Khe Casino Quay v\u00e0 th\u00edch ch\u01a1i l\u00fac r\u1ea3nh r\u1ed7i c\u1ee7a b\u1ea1n. Nh\u1edd s\u1ef1 h\u1ee3p t\u00e1c c\u1ee7a ch\u00fang t\u00f4i v\u1edbi c\u00e1c nh\u00e0 cung c\u1ea5p ph\u1ed5 bi\u1ebfn, ch\u00fang t\u00f4i cung c\u1ea5p m\u1ed9t lo\u1ea1t c\u00e1c tr\u00f2 ch\u01a1i \u0111\u1ec3 ph\u00f9 h\u1ee3p v\u1edbi m\u1ecdi s\u1edf th\u00edch.","robots":{"index":"index","follow":"follow","max-snippet":"max-snippet:-1","max-image-preview":"max-image-preview:large","max-video-preview":"max-video-preview:-1"},"og_locale":"vi_VN","og_type":"article","og_title":"Tr\u00f2 Ch\u01a1i S\u00f2ng B\u1ea1c quay cho nh\u1eefng cu\u1ed9c phi\u00eau l\u01b0u \u0111\u1ea7y m\u00e0u s\u1eafc v\u00e0 nh\u1eefng kho\u1ea3n thanh to\u00e1n l\u1edbn","og_description":"Ch\u1ecdn t\u1eeb m\u1ed9t lo\u1ea1t C\u00e1c Khe Casino Quay v\u00e0 th\u00edch ch\u01a1i l\u00fac r\u1ea3nh r\u1ed7i c\u1ee7a b\u1ea1n. Nh\u1edd s\u1ef1 h\u1ee3p t\u00e1c c\u1ee7a ch\u00fang t\u00f4i v\u1edbi c\u00e1c nh\u00e0 cung c\u1ea5p ph\u1ed5 bi\u1ebfn, ch\u00fang t\u00f4i cung c\u1ea5p m\u1ed9t lo\u1ea1t c\u00e1c tr\u00f2 ch\u01a1i \u0111\u1ec3 ph\u00f9 h\u1ee3p v\u1edbi m\u1ecdi s\u1edf th\u00edch.","og_url":"https:\/\/spin-casino.bet\/vn\/casino\/","og_site_name":"Spin-Casino.bet VN","article_modified_time":"2025-02-27T11:58:24+00:00","twitter_card":"summary_large_image","schema":{"@context":"https:\/\/schema.org","@graph":[{"@type":"WebPage","@id":"https:\/\/spin-casino.bet\/vn\/casino\/","url":"https:\/\/spin-casino.bet\/vn\/casino\/","name":"Tr\u00f2 Ch\u01a1i S\u00f2ng B\u1ea1c quay cho nh\u1eefng cu\u1ed9c phi\u00eau l\u01b0u \u0111\u1ea7y m\u00e0u s\u1eafc v\u00e0 nh\u1eefng kho\u1ea3n thanh to\u00e1n l\u1edbn","isPartOf":{"@id":"https:\/\/spin-casino.bet\/vn\/#website"},"datePublished":"2024-12-16T14:21:13+00:00","dateModified":"2025-02-27T11:58:24+00:00","description":"Ch\u1ecdn t\u1eeb m\u1ed9t lo\u1ea1t C\u00e1c Khe Casino Quay v\u00e0 th\u00edch ch\u01a1i l\u00fac r\u1ea3nh r\u1ed7i c\u1ee7a b\u1ea1n. Nh\u1edd s\u1ef1 h\u1ee3p t\u00e1c c\u1ee7a ch\u00fang t\u00f4i v\u1edbi c\u00e1c nh\u00e0 cung c\u1ea5p ph\u1ed5 bi\u1ebfn, ch\u00fang t\u00f4i cung c\u1ea5p m\u1ed9t lo\u1ea1t c\u00e1c tr\u00f2 ch\u01a1i \u0111\u1ec3 ph\u00f9 h\u1ee3p v\u1edbi m\u1ecdi s\u1edf th\u00edch.","breadcrumb":{"@id":"https:\/\/spin-casino.bet\/vn\/casino\/#breadcrumb"},"inLanguage":"vi","potentialAction":[{"@type":"ReadAction","target":["https:\/\/spin-casino.bet\/vn\/casino\/"]}]},{"@type":"BreadcrumbList","@id":"https:\/\/spin-casino.bet\/vn\/casino\/#breadcrumb","itemListElement":[{"@type":"ListItem","position":1,"name":"\u0413\u043b\u0430\u0432\u043d\u0430\u044f \u0441\u0442\u0440\u0430\u043d\u0438\u0446\u0430","item":"https:\/\/spin-casino.bet\/vn\/"},{"@type":"ListItem","position":2,"name":"S\u00f2ng b\u1ea1c"}]},{"@type":"WebSite","@id":"https:\/\/spin-casino.bet\/vn\/#website","url":"https:\/\/spin-casino.bet\/vn\/","name":"Spin-Casino.bet VN","description":"","potentialAction":[{"@type":"SearchAction","target":{"@type":"EntryPoint","urlTemplate":"https:\/\/spin-casino.bet\/vn\/?s={search_term_string}"},"query-input":{"@type":"PropertyValueSpecification","valueRequired":true,"valueName":"search_term_string"}}],"inLanguage":"vi"}]}},"_links":{"self":[{"href":"https:\/\/spin-casino.bet\/vn\/wp-json\/wp\/v2\/pages\/167","targetHints":{"allow":["GET"]}}],"collection":[{"href":"https:\/\/spin-casino.bet\/vn\/wp-json\/wp\/v2\/pages"}],"about":[{"href":"https:\/\/spin-casino.bet\/vn\/wp-json\/wp\/v2\/types\/page"}],"author":[{"embeddable":true,"href":"https:\/\/spin-casino.bet\/vn\/wp-json\/wp\/v2\/users\/1"}],"replies":[{"embeddable":true,"href":"https:\/\/spin-casino.bet\/vn\/wp-json\/wp\/v2\/comments?post=167"}],"version-history":[{"count":11,"href":"https:\/\/spin-casino.bet\/vn\/wp-json\/wp\/v2\/pages\/167\/revisions"}],"predecessor-version":[{"id":277,"href":"https:\/\/spin-casino.bet\/vn\/wp-json\/wp\/v2\/pages\/167\/revisions\/277"}],"wp:attachment":[{"href":"https:\/\/spin-casino.bet\/vn\/wp-json\/wp\/v2\/media?parent=167"}],"curies":[{"name":"wp","href":"https:\/\/api.w.org\/{rel}","templated":true}]}}