{"id":152,"date":"2023-05-18T17:39:43","date_gmt":"2023-05-18T17:39:43","guid":{"rendered":"https:\/\/spin-casino.bet\/vn\/?page_id=152"},"modified":"2025-02-27T11:49:17","modified_gmt":"2025-02-27T11:49:17","slug":"bonus","status":"publish","type":"page","link":"https:\/\/spin-casino.bet\/vn\/bonus\/","title":{"rendered":"Ti\u1ec1n th\u01b0\u1edfng"},"content":{"rendered":"","protected":false},"excerpt":{"rendered":"","protected":false},"author":1,"featured_media":0,"parent":0,"menu_order":0,"comment_status":"closed","ping_status":"closed","template":"","meta":{"_acf_changed":false,"footnotes":""},"class_list":["post-152","page","type-page","status-publish","hentry"],"acf":[],"yoast_head":"<!-- This site is optimized with the Yoast SEO plugin v27.3 - https:\/\/yoast.com\/product\/yoast-seo-wordpress\/ -->\n<title>Quay S\u00f2ng b\u1ea1c ti\u1ec1n th\u01b0\u1edfng \u0111\u1ec3 c\u1ea3i thi\u1ec7n kinh nghi\u1ec7m ch\u01a1i game c\u1ee7a b\u1ea1n<\/title>\n<meta name=\"description\" content=\"S\u1eed d\u1ee5ng spin Casino bonus \u0111\u1ec3 th\u1eed nghi\u1ec7m tr\u00f2 ch\u01a1i v\u00e0 l\u00e0m quen v\u1edbi c\u00e1c t\u00ednh n\u0103ng c\u1ee7a n\u1ec1n t\u1ea3ng. B\u1ea1n \u0111\u01b0\u1ee3c cung c\u1ea5p s\u1ed1 ti\u1ec1n th\u01b0\u1edfng, freespins, \u0111i\u1ec3m trung th\u00e0nh.\" \/>\n<meta name=\"robots\" content=\"index, follow, max-snippet:-1, max-image-preview:large, max-video-preview:-1\" \/>\n<meta property=\"og:locale\" content=\"vi_VN\" \/>\n<meta property=\"og:type\" content=\"article\" \/>\n<meta property=\"og:title\" content=\"Quay S\u00f2ng b\u1ea1c ti\u1ec1n th\u01b0\u1edfng \u0111\u1ec3 c\u1ea3i thi\u1ec7n kinh nghi\u1ec7m ch\u01a1i game c\u1ee7a b\u1ea1n\" \/>\n<meta property=\"og:description\" content=\"S\u1eed d\u1ee5ng spin Casino bonus \u0111\u1ec3 th\u1eed nghi\u1ec7m tr\u00f2 ch\u01a1i v\u00e0 l\u00e0m quen v\u1edbi c\u00e1c t\u00ednh n\u0103ng c\u1ee7a n\u1ec1n t\u1ea3ng. B\u1ea1n \u0111\u01b0\u1ee3c cung c\u1ea5p s\u1ed1 ti\u1ec1n th\u01b0\u1edfng, freespins, \u0111i\u1ec3m trung th\u00e0nh.\" \/>\n<meta property=\"og:url\" content=\"https:\/\/spin-casino.bet\/vn\/bonus\/\" \/>\n<meta property=\"og:site_name\" content=\"Spin-Casino.bet VN\" \/>\n<meta property=\"article:modified_time\" content=\"2025-02-27T11:49:17+00:00\" \/>\n<meta name=\"twitter:card\" content=\"summary_large_image\" \/>\n<script type=\"application\/ld+json\" class=\"yoast-schema-graph\">{\"@context\":\"https:\\\/\\\/schema.org\",\"@graph\":[{\"@type\":\"WebPage\",\"@id\":\"https:\\\/\\\/spin-casino.bet\\\/vn\\\/bonus\\\/\",\"url\":\"https:\\\/\\\/spin-casino.bet\\\/vn\\\/bonus\\\/\",\"name\":\"Quay S\u00f2ng b\u1ea1c ti\u1ec1n th\u01b0\u1edfng \u0111\u1ec3 c\u1ea3i thi\u1ec7n kinh nghi\u1ec7m ch\u01a1i game c\u1ee7a b\u1ea1n\",\"isPartOf\":{\"@id\":\"https:\\\/\\\/spin-casino.bet\\\/vn\\\/#website\"},\"datePublished\":\"2023-05-18T17:39:43+00:00\",\"dateModified\":\"2025-02-27T11:49:17+00:00\",\"description\":\"S\u1eed d\u1ee5ng spin Casino bonus \u0111\u1ec3 th\u1eed nghi\u1ec7m tr\u00f2 ch\u01a1i v\u00e0 l\u00e0m quen v\u1edbi c\u00e1c t\u00ednh n\u0103ng c\u1ee7a n\u1ec1n t\u1ea3ng. B\u1ea1n \u0111\u01b0\u1ee3c cung c\u1ea5p s\u1ed1 ti\u1ec1n th\u01b0\u1edfng, freespins, \u0111i\u1ec3m trung th\u00e0nh.\",\"breadcrumb\":{\"@id\":\"https:\\\/\\\/spin-casino.bet\\\/vn\\\/bonus\\\/#breadcrumb\"},\"inLanguage\":\"vi\",\"potentialAction\":[{\"@type\":\"ReadAction\",\"target\":[\"https:\\\/\\\/spin-casino.bet\\\/vn\\\/bonus\\\/\"]}]},{\"@type\":\"BreadcrumbList\",\"@id\":\"https:\\\/\\\/spin-casino.bet\\\/vn\\\/bonus\\\/#breadcrumb\",\"itemListElement\":[{\"@type\":\"ListItem\",\"position\":1,\"name\":\"\u0413\u043b\u0430\u0432\u043d\u0430\u044f \u0441\u0442\u0440\u0430\u043d\u0438\u0446\u0430\",\"item\":\"https:\\\/\\\/spin-casino.bet\\\/vn\\\/\"},{\"@type\":\"ListItem\",\"position\":2,\"name\":\"Ti\u1ec1n th\u01b0\u1edfng\"}]},{\"@type\":\"WebSite\",\"@id\":\"https:\\\/\\\/spin-casino.bet\\\/vn\\\/#website\",\"url\":\"https:\\\/\\\/spin-casino.bet\\\/vn\\\/\",\"name\":\"Spin-Casino.bet VN\",\"description\":\"\",\"potentialAction\":[{\"@type\":\"SearchAction\",\"target\":{\"@type\":\"EntryPoint\",\"urlTemplate\":\"https:\\\/\\\/spin-casino.bet\\\/vn\\\/?s={search_term_string}\"},\"query-input\":{\"@type\":\"PropertyValueSpecification\",\"valueRequired\":true,\"valueName\":\"search_term_string\"}}],\"inLanguage\":\"vi\"}]}<\/script>\n<!-- \/ Yoast SEO plugin. -->","yoast_head_json":{"title":"Quay S\u00f2ng b\u1ea1c ti\u1ec1n th\u01b0\u1edfng \u0111\u1ec3 c\u1ea3i thi\u1ec7n kinh nghi\u1ec7m ch\u01a1i game c\u1ee7a b\u1ea1n","description":"S\u1eed d\u1ee5ng spin Casino bonus \u0111\u1ec3 th\u1eed nghi\u1ec7m tr\u00f2 ch\u01a1i v\u00e0 l\u00e0m quen v\u1edbi c\u00e1c t\u00ednh n\u0103ng c\u1ee7a n\u1ec1n t\u1ea3ng. B\u1ea1n \u0111\u01b0\u1ee3c cung c\u1ea5p s\u1ed1 ti\u1ec1n th\u01b0\u1edfng, freespins, \u0111i\u1ec3m trung th\u00e0nh.","robots":{"index":"index","follow":"follow","max-snippet":"max-snippet:-1","max-image-preview":"max-image-preview:large","max-video-preview":"max-video-preview:-1"},"og_locale":"vi_VN","og_type":"article","og_title":"Quay S\u00f2ng b\u1ea1c ti\u1ec1n th\u01b0\u1edfng \u0111\u1ec3 c\u1ea3i thi\u1ec7n kinh nghi\u1ec7m ch\u01a1i game c\u1ee7a b\u1ea1n","og_description":"S\u1eed d\u1ee5ng spin Casino bonus \u0111\u1ec3 th\u1eed nghi\u1ec7m tr\u00f2 ch\u01a1i v\u00e0 l\u00e0m quen v\u1edbi c\u00e1c t\u00ednh n\u0103ng c\u1ee7a n\u1ec1n t\u1ea3ng. B\u1ea1n \u0111\u01b0\u1ee3c cung c\u1ea5p s\u1ed1 ti\u1ec1n th\u01b0\u1edfng, freespins, \u0111i\u1ec3m trung th\u00e0nh.","og_url":"https:\/\/spin-casino.bet\/vn\/bonus\/","og_site_name":"Spin-Casino.bet VN","article_modified_time":"2025-02-27T11:49:17+00:00","twitter_card":"summary_large_image","schema":{"@context":"https:\/\/schema.org","@graph":[{"@type":"WebPage","@id":"https:\/\/spin-casino.bet\/vn\/bonus\/","url":"https:\/\/spin-casino.bet\/vn\/bonus\/","name":"Quay S\u00f2ng b\u1ea1c ti\u1ec1n th\u01b0\u1edfng \u0111\u1ec3 c\u1ea3i thi\u1ec7n kinh nghi\u1ec7m ch\u01a1i game c\u1ee7a b\u1ea1n","isPartOf":{"@id":"https:\/\/spin-casino.bet\/vn\/#website"},"datePublished":"2023-05-18T17:39:43+00:00","dateModified":"2025-02-27T11:49:17+00:00","description":"S\u1eed d\u1ee5ng spin Casino bonus \u0111\u1ec3 th\u1eed nghi\u1ec7m tr\u00f2 ch\u01a1i v\u00e0 l\u00e0m quen v\u1edbi c\u00e1c t\u00ednh n\u0103ng c\u1ee7a n\u1ec1n t\u1ea3ng. B\u1ea1n \u0111\u01b0\u1ee3c cung c\u1ea5p s\u1ed1 ti\u1ec1n th\u01b0\u1edfng, freespins, \u0111i\u1ec3m trung th\u00e0nh.","breadcrumb":{"@id":"https:\/\/spin-casino.bet\/vn\/bonus\/#breadcrumb"},"inLanguage":"vi","potentialAction":[{"@type":"ReadAction","target":["https:\/\/spin-casino.bet\/vn\/bonus\/"]}]},{"@type":"BreadcrumbList","@id":"https:\/\/spin-casino.bet\/vn\/bonus\/#breadcrumb","itemListElement":[{"@type":"ListItem","position":1,"name":"\u0413\u043b\u0430\u0432\u043d\u0430\u044f \u0441\u0442\u0440\u0430\u043d\u0438\u0446\u0430","item":"https:\/\/spin-casino.bet\/vn\/"},{"@type":"ListItem","position":2,"name":"Ti\u1ec1n th\u01b0\u1edfng"}]},{"@type":"WebSite","@id":"https:\/\/spin-casino.bet\/vn\/#website","url":"https:\/\/spin-casino.bet\/vn\/","name":"Spin-Casino.bet VN","description":"","potentialAction":[{"@type":"SearchAction","target":{"@type":"EntryPoint","urlTemplate":"https:\/\/spin-casino.bet\/vn\/?s={search_term_string}"},"query-input":{"@type":"PropertyValueSpecification","valueRequired":true,"valueName":"search_term_string"}}],"inLanguage":"vi"}]}},"_links":{"self":[{"href":"https:\/\/spin-casino.bet\/vn\/wp-json\/wp\/v2\/pages\/152","targetHints":{"allow":["GET"]}}],"collection":[{"href":"https:\/\/spin-casino.bet\/vn\/wp-json\/wp\/v2\/pages"}],"about":[{"href":"https:\/\/spin-casino.bet\/vn\/wp-json\/wp\/v2\/types\/page"}],"author":[{"embeddable":true,"href":"https:\/\/spin-casino.bet\/vn\/wp-json\/wp\/v2\/users\/1"}],"replies":[{"embeddable":true,"href":"https:\/\/spin-casino.bet\/vn\/wp-json\/wp\/v2\/comments?post=152"}],"version-history":[{"count":14,"href":"https:\/\/spin-casino.bet\/vn\/wp-json\/wp\/v2\/pages\/152\/revisions"}],"predecessor-version":[{"id":272,"href":"https:\/\/spin-casino.bet\/vn\/wp-json\/wp\/v2\/pages\/152\/revisions\/272"}],"wp:attachment":[{"href":"https:\/\/spin-casino.bet\/vn\/wp-json\/wp\/v2\/media?parent=152"}],"curies":[{"name":"wp","href":"https:\/\/api.w.org\/{rel}","templated":true}]}}