{"id":241,"date":"2024-12-17T12:55:54","date_gmt":"2024-12-17T12:55:54","guid":{"rendered":"https:\/\/spin-casino.bet\/tr\/?page_id=241"},"modified":"2025-03-06T14:32:26","modified_gmt":"2025-03-06T14:32:26","slug":"withdrawal","status":"publish","type":"page","link":"https:\/\/spin-casino.bet\/tr\/withdrawal\/","title":{"rendered":"Para \u00e7ekme"},"content":{"rendered":"","protected":false},"excerpt":{"rendered":"","protected":false},"author":1,"featured_media":0,"parent":0,"menu_order":0,"comment_status":"closed","ping_status":"closed","template":"","meta":{"_acf_changed":false,"footnotes":""},"class_list":["post-241","page","type-page","status-publish","hentry"],"acf":[],"yoast_head":"<!-- This site is optimized with the Yoast SEO plugin v27.3 - https:\/\/yoast.com\/product\/yoast-seo-wordpress\/ -->\n<title>Spin casino para \u00e7ekme s\u00fcresi ve di\u011fer \u00f6deme n\u00fcanslar\u0131<\/title>\n<meta name=\"description\" content=\"Spin casinodan para yat\u0131rma ve \u00e7ekme \u00f6zellikleri. Sunulan \u00f6deme hizmetlerini ve bunlar\u0131n nas\u0131l kullan\u0131laca\u011f\u0131n\u0131n ayr\u0131nt\u0131lar\u0131n\u0131 \u00f6\u011frenin.\" \/>\n<meta name=\"robots\" content=\"index, follow, max-snippet:-1, max-image-preview:large, max-video-preview:-1\" \/>\n<meta property=\"og:locale\" content=\"tr_TR\" \/>\n<meta property=\"og:type\" content=\"article\" \/>\n<meta property=\"og:title\" content=\"Spin casino para \u00e7ekme s\u00fcresi ve di\u011fer \u00f6deme n\u00fcanslar\u0131\" \/>\n<meta property=\"og:description\" content=\"Spin casinodan para yat\u0131rma ve \u00e7ekme \u00f6zellikleri. Sunulan \u00f6deme hizmetlerini ve bunlar\u0131n nas\u0131l kullan\u0131laca\u011f\u0131n\u0131n ayr\u0131nt\u0131lar\u0131n\u0131 \u00f6\u011frenin.\" \/>\n<meta property=\"og:url\" content=\"https:\/\/spin-casino.bet\/tr\/withdrawal\/\" \/>\n<meta property=\"og:site_name\" content=\"Spin-Casino.bet TR\" \/>\n<meta property=\"article:modified_time\" content=\"2025-03-06T14:32:26+00:00\" \/>\n<meta name=\"twitter:card\" content=\"summary_large_image\" \/>\n<script type=\"application\/ld+json\" class=\"yoast-schema-graph\">{\"@context\":\"https:\\\/\\\/schema.org\",\"@graph\":[{\"@type\":\"WebPage\",\"@id\":\"https:\\\/\\\/spin-casino.bet\\\/tr\\\/withdrawal\\\/\",\"url\":\"https:\\\/\\\/spin-casino.bet\\\/tr\\\/withdrawal\\\/\",\"name\":\"Spin casino para \u00e7ekme s\u00fcresi ve di\u011fer \u00f6deme n\u00fcanslar\u0131\",\"isPartOf\":{\"@id\":\"https:\\\/\\\/spin-casino.bet\\\/tr\\\/#website\"},\"datePublished\":\"2024-12-17T12:55:54+00:00\",\"dateModified\":\"2025-03-06T14:32:26+00:00\",\"description\":\"Spin casinodan para yat\u0131rma ve \u00e7ekme \u00f6zellikleri. Sunulan \u00f6deme hizmetlerini ve bunlar\u0131n nas\u0131l kullan\u0131laca\u011f\u0131n\u0131n ayr\u0131nt\u0131lar\u0131n\u0131 \u00f6\u011frenin.\",\"breadcrumb\":{\"@id\":\"https:\\\/\\\/spin-casino.bet\\\/tr\\\/withdrawal\\\/#breadcrumb\"},\"inLanguage\":\"tr\",\"potentialAction\":[{\"@type\":\"ReadAction\",\"target\":[\"https:\\\/\\\/spin-casino.bet\\\/tr\\\/withdrawal\\\/\"]}]},{\"@type\":\"BreadcrumbList\",\"@id\":\"https:\\\/\\\/spin-casino.bet\\\/tr\\\/withdrawal\\\/#breadcrumb\",\"itemListElement\":[{\"@type\":\"ListItem\",\"position\":1,\"name\":\"\u0413\u043b\u0430\u0432\u043d\u0430\u044f \u0441\u0442\u0440\u0430\u043d\u0438\u0446\u0430\",\"item\":\"https:\\\/\\\/spin-casino.bet\\\/tr\\\/\"},{\"@type\":\"ListItem\",\"position\":2,\"name\":\"Para \u00e7ekme\"}]},{\"@type\":\"WebSite\",\"@id\":\"https:\\\/\\\/spin-casino.bet\\\/tr\\\/#website\",\"url\":\"https:\\\/\\\/spin-casino.bet\\\/tr\\\/\",\"name\":\"Spin-Casino.bet TR\",\"description\":\"\",\"potentialAction\":[{\"@type\":\"SearchAction\",\"target\":{\"@type\":\"EntryPoint\",\"urlTemplate\":\"https:\\\/\\\/spin-casino.bet\\\/tr\\\/?s={search_term_string}\"},\"query-input\":{\"@type\":\"PropertyValueSpecification\",\"valueRequired\":true,\"valueName\":\"search_term_string\"}}],\"inLanguage\":\"tr\"}]}<\/script>\n<!-- \/ Yoast SEO plugin. -->","yoast_head_json":{"title":"Spin casino para \u00e7ekme s\u00fcresi ve di\u011fer \u00f6deme n\u00fcanslar\u0131","description":"Spin casinodan para yat\u0131rma ve \u00e7ekme \u00f6zellikleri. Sunulan \u00f6deme hizmetlerini ve bunlar\u0131n nas\u0131l kullan\u0131laca\u011f\u0131n\u0131n ayr\u0131nt\u0131lar\u0131n\u0131 \u00f6\u011frenin.","robots":{"index":"index","follow":"follow","max-snippet":"max-snippet:-1","max-image-preview":"max-image-preview:large","max-video-preview":"max-video-preview:-1"},"og_locale":"tr_TR","og_type":"article","og_title":"Spin casino para \u00e7ekme s\u00fcresi ve di\u011fer \u00f6deme n\u00fcanslar\u0131","og_description":"Spin casinodan para yat\u0131rma ve \u00e7ekme \u00f6zellikleri. Sunulan \u00f6deme hizmetlerini ve bunlar\u0131n nas\u0131l kullan\u0131laca\u011f\u0131n\u0131n ayr\u0131nt\u0131lar\u0131n\u0131 \u00f6\u011frenin.","og_url":"https:\/\/spin-casino.bet\/tr\/withdrawal\/","og_site_name":"Spin-Casino.bet TR","article_modified_time":"2025-03-06T14:32:26+00:00","twitter_card":"summary_large_image","schema":{"@context":"https:\/\/schema.org","@graph":[{"@type":"WebPage","@id":"https:\/\/spin-casino.bet\/tr\/withdrawal\/","url":"https:\/\/spin-casino.bet\/tr\/withdrawal\/","name":"Spin casino para \u00e7ekme s\u00fcresi ve di\u011fer \u00f6deme n\u00fcanslar\u0131","isPartOf":{"@id":"https:\/\/spin-casino.bet\/tr\/#website"},"datePublished":"2024-12-17T12:55:54+00:00","dateModified":"2025-03-06T14:32:26+00:00","description":"Spin casinodan para yat\u0131rma ve \u00e7ekme \u00f6zellikleri. Sunulan \u00f6deme hizmetlerini ve bunlar\u0131n nas\u0131l kullan\u0131laca\u011f\u0131n\u0131n ayr\u0131nt\u0131lar\u0131n\u0131 \u00f6\u011frenin.","breadcrumb":{"@id":"https:\/\/spin-casino.bet\/tr\/withdrawal\/#breadcrumb"},"inLanguage":"tr","potentialAction":[{"@type":"ReadAction","target":["https:\/\/spin-casino.bet\/tr\/withdrawal\/"]}]},{"@type":"BreadcrumbList","@id":"https:\/\/spin-casino.bet\/tr\/withdrawal\/#breadcrumb","itemListElement":[{"@type":"ListItem","position":1,"name":"\u0413\u043b\u0430\u0432\u043d\u0430\u044f \u0441\u0442\u0440\u0430\u043d\u0438\u0446\u0430","item":"https:\/\/spin-casino.bet\/tr\/"},{"@type":"ListItem","position":2,"name":"Para \u00e7ekme"}]},{"@type":"WebSite","@id":"https:\/\/spin-casino.bet\/tr\/#website","url":"https:\/\/spin-casino.bet\/tr\/","name":"Spin-Casino.bet TR","description":"","potentialAction":[{"@type":"SearchAction","target":{"@type":"EntryPoint","urlTemplate":"https:\/\/spin-casino.bet\/tr\/?s={search_term_string}"},"query-input":{"@type":"PropertyValueSpecification","valueRequired":true,"valueName":"search_term_string"}}],"inLanguage":"tr"}]}},"_links":{"self":[{"href":"https:\/\/spin-casino.bet\/tr\/wp-json\/wp\/v2\/pages\/241","targetHints":{"allow":["GET"]}}],"collection":[{"href":"https:\/\/spin-casino.bet\/tr\/wp-json\/wp\/v2\/pages"}],"about":[{"href":"https:\/\/spin-casino.bet\/tr\/wp-json\/wp\/v2\/types\/page"}],"author":[{"embeddable":true,"href":"https:\/\/spin-casino.bet\/tr\/wp-json\/wp\/v2\/users\/1"}],"replies":[{"embeddable":true,"href":"https:\/\/spin-casino.bet\/tr\/wp-json\/wp\/v2\/comments?post=241"}],"version-history":[{"count":9,"href":"https:\/\/spin-casino.bet\/tr\/wp-json\/wp\/v2\/pages\/241\/revisions"}],"predecessor-version":[{"id":301,"href":"https:\/\/spin-casino.bet\/tr\/wp-json\/wp\/v2\/pages\/241\/revisions\/301"}],"wp:attachment":[{"href":"https:\/\/spin-casino.bet\/tr\/wp-json\/wp\/v2\/media?parent=241"}],"curies":[{"name":"wp","href":"https:\/\/api.w.org\/{rel}","templated":true}]}}