{"id":2,"date":"2023-05-18T17:18:34","date_gmt":"2023-05-18T17:18:34","guid":{"rendered":"https:\/\/spin-casino.bet\/tr\/?page_id=2"},"modified":"2025-03-06T13:32:30","modified_gmt":"2025-03-06T13:32:30","slug":"sample-page","status":"publish","type":"page","link":"https:\/\/spin-casino.bet\/tr\/","title":{"rendered":"Ana sayfa"},"content":{"rendered":"","protected":false},"excerpt":{"rendered":"","protected":false},"author":1,"featured_media":0,"parent":0,"menu_order":0,"comment_status":"closed","ping_status":"open","template":"","meta":{"_acf_changed":false,"footnotes":""},"class_list":["post-2","page","type-page","status-publish","hentry"],"acf":[],"yoast_head":"<!-- This site is optimized with the Yoast SEO plugin v27.3 - https:\/\/yoast.com\/product\/yoast-seo-wordpress\/ -->\n<title>Oyuncular\u0131n canl\u0131 duygular\u0131 i\u00e7in Spin Casino<\/title>\n<meta name=\"description\" content=\"Spin Casino en iyi oyunlar\u0131 ve bonuslar\u0131 sunar. Burada bir sadakat program\u0131 mevcuttur, g\u00fcvenilir g\u00fcvenlik sistemleri kullan\u0131l\u0131r. \u00c7evrimi\u00e7i oynay\u0131n ve s\u00fcrecin tad\u0131n\u0131 \u00e7\u0131kar\u0131n.\" \/>\n<meta name=\"robots\" content=\"index, follow, max-snippet:-1, max-image-preview:large, max-video-preview:-1\" \/>\n<meta property=\"og:locale\" content=\"tr_TR\" \/>\n<meta property=\"og:type\" content=\"article\" \/>\n<meta property=\"og:title\" content=\"Oyuncular\u0131n canl\u0131 duygular\u0131 i\u00e7in Spin Casino\" \/>\n<meta property=\"og:description\" content=\"Spin Casino en iyi oyunlar\u0131 ve bonuslar\u0131 sunar. Burada bir sadakat program\u0131 mevcuttur, g\u00fcvenilir g\u00fcvenlik sistemleri kullan\u0131l\u0131r. \u00c7evrimi\u00e7i oynay\u0131n ve s\u00fcrecin tad\u0131n\u0131 \u00e7\u0131kar\u0131n.\" \/>\n<meta property=\"og:url\" content=\"https:\/\/spin-casino.bet\/tr\/\" \/>\n<meta property=\"og:site_name\" content=\"Spin-Casino.bet TR\" \/>\n<meta property=\"article:modified_time\" content=\"2025-03-06T13:32:30+00:00\" \/>\n<meta name=\"twitter:card\" content=\"summary_large_image\" \/>\n<script type=\"application\/ld+json\" class=\"yoast-schema-graph\">{\"@context\":\"https:\\\/\\\/schema.org\",\"@graph\":[{\"@type\":\"WebPage\",\"@id\":\"https:\\\/\\\/spin-casino.bet\\\/tr\\\/\",\"url\":\"https:\\\/\\\/spin-casino.bet\\\/tr\\\/\",\"name\":\"Oyuncular\u0131n canl\u0131 duygular\u0131 i\u00e7in Spin Casino\",\"isPartOf\":{\"@id\":\"https:\\\/\\\/spin-casino.bet\\\/tr\\\/#website\"},\"datePublished\":\"2023-05-18T17:18:34+00:00\",\"dateModified\":\"2025-03-06T13:32:30+00:00\",\"description\":\"Spin Casino en iyi oyunlar\u0131 ve bonuslar\u0131 sunar. Burada bir sadakat program\u0131 mevcuttur, g\u00fcvenilir g\u00fcvenlik sistemleri kullan\u0131l\u0131r. \u00c7evrimi\u00e7i oynay\u0131n ve s\u00fcrecin tad\u0131n\u0131 \u00e7\u0131kar\u0131n.\",\"breadcrumb\":{\"@id\":\"https:\\\/\\\/spin-casino.bet\\\/tr\\\/#breadcrumb\"},\"inLanguage\":\"tr\",\"potentialAction\":[{\"@type\":\"ReadAction\",\"target\":[\"https:\\\/\\\/spin-casino.bet\\\/tr\\\/\"]}]},{\"@type\":\"BreadcrumbList\",\"@id\":\"https:\\\/\\\/spin-casino.bet\\\/tr\\\/#breadcrumb\",\"itemListElement\":[{\"@type\":\"ListItem\",\"position\":1,\"name\":\"\u0413\u043b\u0430\u0432\u043d\u0430\u044f \u0441\u0442\u0440\u0430\u043d\u0438\u0446\u0430\",\"item\":\"https:\\\/\\\/spin-casino.bet\\\/tr\\\/\"},{\"@type\":\"ListItem\",\"position\":2,\"name\":\"Ana sayfa\"}]},{\"@type\":\"WebSite\",\"@id\":\"https:\\\/\\\/spin-casino.bet\\\/tr\\\/#website\",\"url\":\"https:\\\/\\\/spin-casino.bet\\\/tr\\\/\",\"name\":\"Spin-Casino.bet TR\",\"description\":\"\",\"potentialAction\":[{\"@type\":\"SearchAction\",\"target\":{\"@type\":\"EntryPoint\",\"urlTemplate\":\"https:\\\/\\\/spin-casino.bet\\\/tr\\\/?s={search_term_string}\"},\"query-input\":{\"@type\":\"PropertyValueSpecification\",\"valueRequired\":true,\"valueName\":\"search_term_string\"}}],\"inLanguage\":\"tr\"}]}<\/script>\n<!-- \/ Yoast SEO plugin. -->","yoast_head_json":{"title":"Oyuncular\u0131n canl\u0131 duygular\u0131 i\u00e7in Spin Casino","description":"Spin Casino en iyi oyunlar\u0131 ve bonuslar\u0131 sunar. Burada bir sadakat program\u0131 mevcuttur, g\u00fcvenilir g\u00fcvenlik sistemleri kullan\u0131l\u0131r. \u00c7evrimi\u00e7i oynay\u0131n ve s\u00fcrecin tad\u0131n\u0131 \u00e7\u0131kar\u0131n.","robots":{"index":"index","follow":"follow","max-snippet":"max-snippet:-1","max-image-preview":"max-image-preview:large","max-video-preview":"max-video-preview:-1"},"og_locale":"tr_TR","og_type":"article","og_title":"Oyuncular\u0131n canl\u0131 duygular\u0131 i\u00e7in Spin Casino","og_description":"Spin Casino en iyi oyunlar\u0131 ve bonuslar\u0131 sunar. Burada bir sadakat program\u0131 mevcuttur, g\u00fcvenilir g\u00fcvenlik sistemleri kullan\u0131l\u0131r. \u00c7evrimi\u00e7i oynay\u0131n ve s\u00fcrecin tad\u0131n\u0131 \u00e7\u0131kar\u0131n.","og_url":"https:\/\/spin-casino.bet\/tr\/","og_site_name":"Spin-Casino.bet TR","article_modified_time":"2025-03-06T13:32:30+00:00","twitter_card":"summary_large_image","schema":{"@context":"https:\/\/schema.org","@graph":[{"@type":"WebPage","@id":"https:\/\/spin-casino.bet\/tr\/","url":"https:\/\/spin-casino.bet\/tr\/","name":"Oyuncular\u0131n canl\u0131 duygular\u0131 i\u00e7in Spin Casino","isPartOf":{"@id":"https:\/\/spin-casino.bet\/tr\/#website"},"datePublished":"2023-05-18T17:18:34+00:00","dateModified":"2025-03-06T13:32:30+00:00","description":"Spin Casino en iyi oyunlar\u0131 ve bonuslar\u0131 sunar. Burada bir sadakat program\u0131 mevcuttur, g\u00fcvenilir g\u00fcvenlik sistemleri kullan\u0131l\u0131r. \u00c7evrimi\u00e7i oynay\u0131n ve s\u00fcrecin tad\u0131n\u0131 \u00e7\u0131kar\u0131n.","breadcrumb":{"@id":"https:\/\/spin-casino.bet\/tr\/#breadcrumb"},"inLanguage":"tr","potentialAction":[{"@type":"ReadAction","target":["https:\/\/spin-casino.bet\/tr\/"]}]},{"@type":"BreadcrumbList","@id":"https:\/\/spin-casino.bet\/tr\/#breadcrumb","itemListElement":[{"@type":"ListItem","position":1,"name":"\u0413\u043b\u0430\u0432\u043d\u0430\u044f \u0441\u0442\u0440\u0430\u043d\u0438\u0446\u0430","item":"https:\/\/spin-casino.bet\/tr\/"},{"@type":"ListItem","position":2,"name":"Ana sayfa"}]},{"@type":"WebSite","@id":"https:\/\/spin-casino.bet\/tr\/#website","url":"https:\/\/spin-casino.bet\/tr\/","name":"Spin-Casino.bet TR","description":"","potentialAction":[{"@type":"SearchAction","target":{"@type":"EntryPoint","urlTemplate":"https:\/\/spin-casino.bet\/tr\/?s={search_term_string}"},"query-input":{"@type":"PropertyValueSpecification","valueRequired":true,"valueName":"search_term_string"}}],"inLanguage":"tr"}]}},"_links":{"self":[{"href":"https:\/\/spin-casino.bet\/tr\/wp-json\/wp\/v2\/pages\/2","targetHints":{"allow":["GET"]}}],"collection":[{"href":"https:\/\/spin-casino.bet\/tr\/wp-json\/wp\/v2\/pages"}],"about":[{"href":"https:\/\/spin-casino.bet\/tr\/wp-json\/wp\/v2\/types\/page"}],"author":[{"embeddable":true,"href":"https:\/\/spin-casino.bet\/tr\/wp-json\/wp\/v2\/users\/1"}],"replies":[{"embeddable":true,"href":"https:\/\/spin-casino.bet\/tr\/wp-json\/wp\/v2\/comments?post=2"}],"version-history":[{"count":17,"href":"https:\/\/spin-casino.bet\/tr\/wp-json\/wp\/v2\/pages\/2\/revisions"}],"predecessor-version":[{"id":281,"href":"https:\/\/spin-casino.bet\/tr\/wp-json\/wp\/v2\/pages\/2\/revisions\/281"}],"wp:attachment":[{"href":"https:\/\/spin-casino.bet\/tr\/wp-json\/wp\/v2\/media?parent=2"}],"curies":[{"name":"wp","href":"https:\/\/api.w.org\/{rel}","templated":true}]}}