{"id":152,"date":"2023-05-18T17:39:43","date_gmt":"2023-05-18T17:39:43","guid":{"rendered":"https:\/\/spin-casino.bet\/tr\/?page_id=152"},"modified":"2025-03-06T12:50:33","modified_gmt":"2025-03-06T12:50:33","slug":"bonus","status":"publish","type":"page","link":"https:\/\/spin-casino.bet\/tr\/bonus\/","title":{"rendered":"Bonus"},"content":{"rendered":"","protected":false},"excerpt":{"rendered":"","protected":false},"author":1,"featured_media":0,"parent":0,"menu_order":0,"comment_status":"closed","ping_status":"closed","template":"","meta":{"_acf_changed":false,"footnotes":""},"class_list":["post-152","page","type-page","status-publish","hentry"],"acf":[],"yoast_head":"<!-- This site is optimized with the Yoast SEO plugin v27.3 - https:\/\/yoast.com\/product\/yoast-seo-wordpress\/ -->\n<title>Oyun deneyiminizi geli\u015ftirmek i\u00e7in Spin Casino bonusu<\/title>\n<meta name=\"description\" content=\"Oyunlar\u0131 test etmek ve platformun \u00f6zelliklerini tan\u0131mak i\u00e7in Spin Casino bonusunu kullan\u0131n. Size \u00f6d\u00fcl miktarlar\u0131, freespinler, sadakat puanlar\u0131 sunulur.\" \/>\n<meta name=\"robots\" content=\"index, follow, max-snippet:-1, max-image-preview:large, max-video-preview:-1\" \/>\n<meta property=\"og:locale\" content=\"tr_TR\" \/>\n<meta property=\"og:type\" content=\"article\" \/>\n<meta property=\"og:title\" content=\"Oyun deneyiminizi geli\u015ftirmek i\u00e7in Spin Casino bonusu\" \/>\n<meta property=\"og:description\" content=\"Oyunlar\u0131 test etmek ve platformun \u00f6zelliklerini tan\u0131mak i\u00e7in Spin Casino bonusunu kullan\u0131n. Size \u00f6d\u00fcl miktarlar\u0131, freespinler, sadakat puanlar\u0131 sunulur.\" \/>\n<meta property=\"og:url\" content=\"https:\/\/spin-casino.bet\/tr\/bonus\/\" \/>\n<meta property=\"og:site_name\" content=\"Spin-Casino.bet TR\" \/>\n<meta property=\"article:modified_time\" content=\"2025-03-06T12:50:33+00:00\" \/>\n<meta name=\"twitter:card\" content=\"summary_large_image\" \/>\n<script type=\"application\/ld+json\" class=\"yoast-schema-graph\">{\"@context\":\"https:\\\/\\\/schema.org\",\"@graph\":[{\"@type\":\"WebPage\",\"@id\":\"https:\\\/\\\/spin-casino.bet\\\/tr\\\/bonus\\\/\",\"url\":\"https:\\\/\\\/spin-casino.bet\\\/tr\\\/bonus\\\/\",\"name\":\"Oyun deneyiminizi geli\u015ftirmek i\u00e7in Spin Casino bonusu\",\"isPartOf\":{\"@id\":\"https:\\\/\\\/spin-casino.bet\\\/tr\\\/#website\"},\"datePublished\":\"2023-05-18T17:39:43+00:00\",\"dateModified\":\"2025-03-06T12:50:33+00:00\",\"description\":\"Oyunlar\u0131 test etmek ve platformun \u00f6zelliklerini tan\u0131mak i\u00e7in Spin Casino bonusunu kullan\u0131n. Size \u00f6d\u00fcl miktarlar\u0131, freespinler, sadakat puanlar\u0131 sunulur.\",\"breadcrumb\":{\"@id\":\"https:\\\/\\\/spin-casino.bet\\\/tr\\\/bonus\\\/#breadcrumb\"},\"inLanguage\":\"tr\",\"potentialAction\":[{\"@type\":\"ReadAction\",\"target\":[\"https:\\\/\\\/spin-casino.bet\\\/tr\\\/bonus\\\/\"]}]},{\"@type\":\"BreadcrumbList\",\"@id\":\"https:\\\/\\\/spin-casino.bet\\\/tr\\\/bonus\\\/#breadcrumb\",\"itemListElement\":[{\"@type\":\"ListItem\",\"position\":1,\"name\":\"\u0413\u043b\u0430\u0432\u043d\u0430\u044f \u0441\u0442\u0440\u0430\u043d\u0438\u0446\u0430\",\"item\":\"https:\\\/\\\/spin-casino.bet\\\/tr\\\/\"},{\"@type\":\"ListItem\",\"position\":2,\"name\":\"Bonus\"}]},{\"@type\":\"WebSite\",\"@id\":\"https:\\\/\\\/spin-casino.bet\\\/tr\\\/#website\",\"url\":\"https:\\\/\\\/spin-casino.bet\\\/tr\\\/\",\"name\":\"Spin-Casino.bet TR\",\"description\":\"\",\"potentialAction\":[{\"@type\":\"SearchAction\",\"target\":{\"@type\":\"EntryPoint\",\"urlTemplate\":\"https:\\\/\\\/spin-casino.bet\\\/tr\\\/?s={search_term_string}\"},\"query-input\":{\"@type\":\"PropertyValueSpecification\",\"valueRequired\":true,\"valueName\":\"search_term_string\"}}],\"inLanguage\":\"tr\"}]}<\/script>\n<!-- \/ Yoast SEO plugin. -->","yoast_head_json":{"title":"Oyun deneyiminizi geli\u015ftirmek i\u00e7in Spin Casino bonusu","description":"Oyunlar\u0131 test etmek ve platformun \u00f6zelliklerini tan\u0131mak i\u00e7in Spin Casino bonusunu kullan\u0131n. Size \u00f6d\u00fcl miktarlar\u0131, freespinler, sadakat puanlar\u0131 sunulur.","robots":{"index":"index","follow":"follow","max-snippet":"max-snippet:-1","max-image-preview":"max-image-preview:large","max-video-preview":"max-video-preview:-1"},"og_locale":"tr_TR","og_type":"article","og_title":"Oyun deneyiminizi geli\u015ftirmek i\u00e7in Spin Casino bonusu","og_description":"Oyunlar\u0131 test etmek ve platformun \u00f6zelliklerini tan\u0131mak i\u00e7in Spin Casino bonusunu kullan\u0131n. Size \u00f6d\u00fcl miktarlar\u0131, freespinler, sadakat puanlar\u0131 sunulur.","og_url":"https:\/\/spin-casino.bet\/tr\/bonus\/","og_site_name":"Spin-Casino.bet TR","article_modified_time":"2025-03-06T12:50:33+00:00","twitter_card":"summary_large_image","schema":{"@context":"https:\/\/schema.org","@graph":[{"@type":"WebPage","@id":"https:\/\/spin-casino.bet\/tr\/bonus\/","url":"https:\/\/spin-casino.bet\/tr\/bonus\/","name":"Oyun deneyiminizi geli\u015ftirmek i\u00e7in Spin Casino bonusu","isPartOf":{"@id":"https:\/\/spin-casino.bet\/tr\/#website"},"datePublished":"2023-05-18T17:39:43+00:00","dateModified":"2025-03-06T12:50:33+00:00","description":"Oyunlar\u0131 test etmek ve platformun \u00f6zelliklerini tan\u0131mak i\u00e7in Spin Casino bonusunu kullan\u0131n. Size \u00f6d\u00fcl miktarlar\u0131, freespinler, sadakat puanlar\u0131 sunulur.","breadcrumb":{"@id":"https:\/\/spin-casino.bet\/tr\/bonus\/#breadcrumb"},"inLanguage":"tr","potentialAction":[{"@type":"ReadAction","target":["https:\/\/spin-casino.bet\/tr\/bonus\/"]}]},{"@type":"BreadcrumbList","@id":"https:\/\/spin-casino.bet\/tr\/bonus\/#breadcrumb","itemListElement":[{"@type":"ListItem","position":1,"name":"\u0413\u043b\u0430\u0432\u043d\u0430\u044f \u0441\u0442\u0440\u0430\u043d\u0438\u0446\u0430","item":"https:\/\/spin-casino.bet\/tr\/"},{"@type":"ListItem","position":2,"name":"Bonus"}]},{"@type":"WebSite","@id":"https:\/\/spin-casino.bet\/tr\/#website","url":"https:\/\/spin-casino.bet\/tr\/","name":"Spin-Casino.bet TR","description":"","potentialAction":[{"@type":"SearchAction","target":{"@type":"EntryPoint","urlTemplate":"https:\/\/spin-casino.bet\/tr\/?s={search_term_string}"},"query-input":{"@type":"PropertyValueSpecification","valueRequired":true,"valueName":"search_term_string"}}],"inLanguage":"tr"}]}},"_links":{"self":[{"href":"https:\/\/spin-casino.bet\/tr\/wp-json\/wp\/v2\/pages\/152","targetHints":{"allow":["GET"]}}],"collection":[{"href":"https:\/\/spin-casino.bet\/tr\/wp-json\/wp\/v2\/pages"}],"about":[{"href":"https:\/\/spin-casino.bet\/tr\/wp-json\/wp\/v2\/types\/page"}],"author":[{"embeddable":true,"href":"https:\/\/spin-casino.bet\/tr\/wp-json\/wp\/v2\/users\/1"}],"replies":[{"embeddable":true,"href":"https:\/\/spin-casino.bet\/tr\/wp-json\/wp\/v2\/comments?post=152"}],"version-history":[{"count":13,"href":"https:\/\/spin-casino.bet\/tr\/wp-json\/wp\/v2\/pages\/152\/revisions"}],"predecessor-version":[{"id":271,"href":"https:\/\/spin-casino.bet\/tr\/wp-json\/wp\/v2\/pages\/152\/revisions\/271"}],"wp:attachment":[{"href":"https:\/\/spin-casino.bet\/tr\/wp-json\/wp\/v2\/media?parent=152"}],"curies":[{"name":"wp","href":"https:\/\/api.w.org\/{rel}","templated":true}]}}