{"id":152,"date":"2023-05-18T17:39:43","date_gmt":"2023-05-18T17:39:43","guid":{"rendered":"https:\/\/spin-casino.bet\/ro\/?page_id=152"},"modified":"2024-12-18T14:18:36","modified_gmt":"2024-12-18T14:18:36","slug":"bonus","status":"publish","type":"page","link":"https:\/\/spin-casino.bet\/ro\/bonus\/","title":{"rendered":"Bonusul"},"content":{"rendered":"","protected":false},"excerpt":{"rendered":"","protected":false},"author":1,"featured_media":0,"parent":0,"menu_order":0,"comment_status":"closed","ping_status":"closed","template":"","meta":{"_acf_changed":false,"footnotes":""},"class_list":["post-152","page","type-page","status-publish","hentry"],"acf":[],"yoast_head":"<!-- This site is optimized with the Yoast SEO plugin v27.3 - https:\/\/yoast.com\/product\/yoast-seo-wordpress\/ -->\n<title>Bonus Spin Casino pentru a v\u0103 \u00eembun\u0103t\u0103\u021bi experien\u021ba de joc<\/title>\n<meta name=\"description\" content=\"Utiliza\u021bi bonusul Spin Casino pentru a testa jocurile \u0219i a v\u0103 familiariza cu caracteristicile platformei. Vi se ofer\u0103 sume pentru premii, freespins, puncte de loialitate.\" \/>\n<meta name=\"robots\" content=\"index, follow, max-snippet:-1, max-image-preview:large, max-video-preview:-1\" \/>\n<meta property=\"og:locale\" content=\"ro_RO\" \/>\n<meta property=\"og:type\" content=\"article\" \/>\n<meta property=\"og:title\" content=\"Bonus Spin Casino pentru a v\u0103 \u00eembun\u0103t\u0103\u021bi experien\u021ba de joc\" \/>\n<meta property=\"og:description\" content=\"Utiliza\u021bi bonusul Spin Casino pentru a testa jocurile \u0219i a v\u0103 familiariza cu caracteristicile platformei. Vi se ofer\u0103 sume pentru premii, freespins, puncte de loialitate.\" \/>\n<meta property=\"og:url\" content=\"https:\/\/spin-casino.bet\/ro\/bonus\/\" \/>\n<meta property=\"og:site_name\" content=\"Spin-Casino.bet RO\" \/>\n<meta property=\"article:modified_time\" content=\"2024-12-18T14:18:36+00:00\" \/>\n<meta name=\"twitter:card\" content=\"summary_large_image\" \/>\n<script type=\"application\/ld+json\" class=\"yoast-schema-graph\">{\"@context\":\"https:\\\/\\\/schema.org\",\"@graph\":[{\"@type\":\"WebPage\",\"@id\":\"https:\\\/\\\/spin-casino.bet\\\/ro\\\/bonus\\\/\",\"url\":\"https:\\\/\\\/spin-casino.bet\\\/ro\\\/bonus\\\/\",\"name\":\"Bonus Spin Casino pentru a v\u0103 \u00eembun\u0103t\u0103\u021bi experien\u021ba de joc\",\"isPartOf\":{\"@id\":\"https:\\\/\\\/spin-casino.bet\\\/ro\\\/#website\"},\"datePublished\":\"2023-05-18T17:39:43+00:00\",\"dateModified\":\"2024-12-18T14:18:36+00:00\",\"description\":\"Utiliza\u021bi bonusul Spin Casino pentru a testa jocurile \u0219i a v\u0103 familiariza cu caracteristicile platformei. Vi se ofer\u0103 sume pentru premii, freespins, puncte de loialitate.\",\"breadcrumb\":{\"@id\":\"https:\\\/\\\/spin-casino.bet\\\/ro\\\/bonus\\\/#breadcrumb\"},\"inLanguage\":\"ro-RO\",\"potentialAction\":[{\"@type\":\"ReadAction\",\"target\":[\"https:\\\/\\\/spin-casino.bet\\\/ro\\\/bonus\\\/\"]}]},{\"@type\":\"BreadcrumbList\",\"@id\":\"https:\\\/\\\/spin-casino.bet\\\/ro\\\/bonus\\\/#breadcrumb\",\"itemListElement\":[{\"@type\":\"ListItem\",\"position\":1,\"name\":\"\u0413\u043b\u0430\u0432\u043d\u0430\u044f \u0441\u0442\u0440\u0430\u043d\u0438\u0446\u0430\",\"item\":\"https:\\\/\\\/spin-casino.bet\\\/ro\\\/\"},{\"@type\":\"ListItem\",\"position\":2,\"name\":\"Bonusul\"}]},{\"@type\":\"WebSite\",\"@id\":\"https:\\\/\\\/spin-casino.bet\\\/ro\\\/#website\",\"url\":\"https:\\\/\\\/spin-casino.bet\\\/ro\\\/\",\"name\":\"Spin-Casino.bet RO\",\"description\":\"\",\"potentialAction\":[{\"@type\":\"SearchAction\",\"target\":{\"@type\":\"EntryPoint\",\"urlTemplate\":\"https:\\\/\\\/spin-casino.bet\\\/ro\\\/?s={search_term_string}\"},\"query-input\":{\"@type\":\"PropertyValueSpecification\",\"valueRequired\":true,\"valueName\":\"search_term_string\"}}],\"inLanguage\":\"ro-RO\"}]}<\/script>\n<!-- \/ Yoast SEO plugin. -->","yoast_head_json":{"title":"Bonus Spin Casino pentru a v\u0103 \u00eembun\u0103t\u0103\u021bi experien\u021ba de joc","description":"Utiliza\u021bi bonusul Spin Casino pentru a testa jocurile \u0219i a v\u0103 familiariza cu caracteristicile platformei. Vi se ofer\u0103 sume pentru premii, freespins, puncte de loialitate.","robots":{"index":"index","follow":"follow","max-snippet":"max-snippet:-1","max-image-preview":"max-image-preview:large","max-video-preview":"max-video-preview:-1"},"og_locale":"ro_RO","og_type":"article","og_title":"Bonus Spin Casino pentru a v\u0103 \u00eembun\u0103t\u0103\u021bi experien\u021ba de joc","og_description":"Utiliza\u021bi bonusul Spin Casino pentru a testa jocurile \u0219i a v\u0103 familiariza cu caracteristicile platformei. Vi se ofer\u0103 sume pentru premii, freespins, puncte de loialitate.","og_url":"https:\/\/spin-casino.bet\/ro\/bonus\/","og_site_name":"Spin-Casino.bet RO","article_modified_time":"2024-12-18T14:18:36+00:00","twitter_card":"summary_large_image","schema":{"@context":"https:\/\/schema.org","@graph":[{"@type":"WebPage","@id":"https:\/\/spin-casino.bet\/ro\/bonus\/","url":"https:\/\/spin-casino.bet\/ro\/bonus\/","name":"Bonus Spin Casino pentru a v\u0103 \u00eembun\u0103t\u0103\u021bi experien\u021ba de joc","isPartOf":{"@id":"https:\/\/spin-casino.bet\/ro\/#website"},"datePublished":"2023-05-18T17:39:43+00:00","dateModified":"2024-12-18T14:18:36+00:00","description":"Utiliza\u021bi bonusul Spin Casino pentru a testa jocurile \u0219i a v\u0103 familiariza cu caracteristicile platformei. Vi se ofer\u0103 sume pentru premii, freespins, puncte de loialitate.","breadcrumb":{"@id":"https:\/\/spin-casino.bet\/ro\/bonus\/#breadcrumb"},"inLanguage":"ro-RO","potentialAction":[{"@type":"ReadAction","target":["https:\/\/spin-casino.bet\/ro\/bonus\/"]}]},{"@type":"BreadcrumbList","@id":"https:\/\/spin-casino.bet\/ro\/bonus\/#breadcrumb","itemListElement":[{"@type":"ListItem","position":1,"name":"\u0413\u043b\u0430\u0432\u043d\u0430\u044f \u0441\u0442\u0440\u0430\u043d\u0438\u0446\u0430","item":"https:\/\/spin-casino.bet\/ro\/"},{"@type":"ListItem","position":2,"name":"Bonusul"}]},{"@type":"WebSite","@id":"https:\/\/spin-casino.bet\/ro\/#website","url":"https:\/\/spin-casino.bet\/ro\/","name":"Spin-Casino.bet RO","description":"","potentialAction":[{"@type":"SearchAction","target":{"@type":"EntryPoint","urlTemplate":"https:\/\/spin-casino.bet\/ro\/?s={search_term_string}"},"query-input":{"@type":"PropertyValueSpecification","valueRequired":true,"valueName":"search_term_string"}}],"inLanguage":"ro-RO"}]}},"_links":{"self":[{"href":"https:\/\/spin-casino.bet\/ro\/wp-json\/wp\/v2\/pages\/152","targetHints":{"allow":["GET"]}}],"collection":[{"href":"https:\/\/spin-casino.bet\/ro\/wp-json\/wp\/v2\/pages"}],"about":[{"href":"https:\/\/spin-casino.bet\/ro\/wp-json\/wp\/v2\/types\/page"}],"author":[{"embeddable":true,"href":"https:\/\/spin-casino.bet\/ro\/wp-json\/wp\/v2\/users\/1"}],"replies":[{"embeddable":true,"href":"https:\/\/spin-casino.bet\/ro\/wp-json\/wp\/v2\/comments?post=152"}],"version-history":[{"count":12,"href":"https:\/\/spin-casino.bet\/ro\/wp-json\/wp\/v2\/pages\/152\/revisions"}],"predecessor-version":[{"id":262,"href":"https:\/\/spin-casino.bet\/ro\/wp-json\/wp\/v2\/pages\/152\/revisions\/262"}],"wp:attachment":[{"href":"https:\/\/spin-casino.bet\/ro\/wp-json\/wp\/v2\/media?parent=152"}],"curies":[{"name":"wp","href":"https:\/\/api.w.org\/{rel}","templated":true}]}}