{"id":167,"date":"2024-12-16T14:21:13","date_gmt":"2024-12-16T14:21:13","guid":{"rendered":"https:\/\/spin-casino.bet\/no\/?page_id=167"},"modified":"2025-02-21T09:37:53","modified_gmt":"2025-02-21T09:37:53","slug":"casino","status":"publish","type":"page","link":"https:\/\/spin-casino.bet\/no\/casino\/","title":{"rendered":"Casino"},"content":{"rendered":"","protected":false},"excerpt":{"rendered":"","protected":false},"author":1,"featured_media":0,"parent":0,"menu_order":0,"comment_status":"closed","ping_status":"closed","template":"","meta":{"_acf_changed":false,"footnotes":""},"class_list":["post-167","page","type-page","status-publish","hentry"],"acf":[],"yoast_head":"<!-- This site is optimized with the Yoast SEO plugin v27.3 - https:\/\/yoast.com\/product\/yoast-seo-wordpress\/ -->\n<title>Spinn kasinospill for fargerike eventyr og store utbetalinger<\/title>\n<meta name=\"description\" content=\"Velg blant en rekke Spin Casino-spilleautomater og nyt spillingen i ro og mak. Takket v\u00e6re v\u00e5rt samarbeid med popul\u00e6re leverand\u00f8rer tilbyr vi et bredt utvalg av spill for enhver smak.\" \/>\n<meta name=\"robots\" content=\"index, follow, max-snippet:-1, max-image-preview:large, max-video-preview:-1\" \/>\n<meta property=\"og:locale\" content=\"nb_NO\" \/>\n<meta property=\"og:type\" content=\"article\" \/>\n<meta property=\"og:title\" content=\"Spinn kasinospill for fargerike eventyr og store utbetalinger\" \/>\n<meta property=\"og:description\" content=\"Velg blant en rekke Spin Casino-spilleautomater og nyt spillingen i ro og mak. Takket v\u00e6re v\u00e5rt samarbeid med popul\u00e6re leverand\u00f8rer tilbyr vi et bredt utvalg av spill for enhver smak.\" \/>\n<meta property=\"og:url\" content=\"https:\/\/spin-casino.bet\/no\/casino\/\" \/>\n<meta property=\"og:site_name\" content=\"Spin-Casino.bet NO\" \/>\n<meta property=\"article:modified_time\" content=\"2025-02-21T09:37:53+00:00\" \/>\n<meta name=\"twitter:card\" content=\"summary_large_image\" \/>\n<script type=\"application\/ld+json\" class=\"yoast-schema-graph\">{\"@context\":\"https:\\\/\\\/schema.org\",\"@graph\":[{\"@type\":\"WebPage\",\"@id\":\"https:\\\/\\\/spin-casino.bet\\\/no\\\/casino\\\/\",\"url\":\"https:\\\/\\\/spin-casino.bet\\\/no\\\/casino\\\/\",\"name\":\"Spinn kasinospill for fargerike eventyr og store utbetalinger\",\"isPartOf\":{\"@id\":\"https:\\\/\\\/spin-casino.bet\\\/no\\\/#website\"},\"datePublished\":\"2024-12-16T14:21:13+00:00\",\"dateModified\":\"2025-02-21T09:37:53+00:00\",\"description\":\"Velg blant en rekke Spin Casino-spilleautomater og nyt spillingen i ro og mak. Takket v\u00e6re v\u00e5rt samarbeid med popul\u00e6re leverand\u00f8rer tilbyr vi et bredt utvalg av spill for enhver smak.\",\"breadcrumb\":{\"@id\":\"https:\\\/\\\/spin-casino.bet\\\/no\\\/casino\\\/#breadcrumb\"},\"inLanguage\":\"nb-NO\",\"potentialAction\":[{\"@type\":\"ReadAction\",\"target\":[\"https:\\\/\\\/spin-casino.bet\\\/no\\\/casino\\\/\"]}]},{\"@type\":\"BreadcrumbList\",\"@id\":\"https:\\\/\\\/spin-casino.bet\\\/no\\\/casino\\\/#breadcrumb\",\"itemListElement\":[{\"@type\":\"ListItem\",\"position\":1,\"name\":\"\u0413\u043b\u0430\u0432\u043d\u0430\u044f \u0441\u0442\u0440\u0430\u043d\u0438\u0446\u0430\",\"item\":\"https:\\\/\\\/spin-casino.bet\\\/no\\\/\"},{\"@type\":\"ListItem\",\"position\":2,\"name\":\"Casino\"}]},{\"@type\":\"WebSite\",\"@id\":\"https:\\\/\\\/spin-casino.bet\\\/no\\\/#website\",\"url\":\"https:\\\/\\\/spin-casino.bet\\\/no\\\/\",\"name\":\"Spin-Casino.bet NO\",\"description\":\"\",\"potentialAction\":[{\"@type\":\"SearchAction\",\"target\":{\"@type\":\"EntryPoint\",\"urlTemplate\":\"https:\\\/\\\/spin-casino.bet\\\/no\\\/?s={search_term_string}\"},\"query-input\":{\"@type\":\"PropertyValueSpecification\",\"valueRequired\":true,\"valueName\":\"search_term_string\"}}],\"inLanguage\":\"nb-NO\"}]}<\/script>\n<!-- \/ Yoast SEO plugin. -->","yoast_head_json":{"title":"Spinn kasinospill for fargerike eventyr og store utbetalinger","description":"Velg blant en rekke Spin Casino-spilleautomater og nyt spillingen i ro og mak. Takket v\u00e6re v\u00e5rt samarbeid med popul\u00e6re leverand\u00f8rer tilbyr vi et bredt utvalg av spill for enhver smak.","robots":{"index":"index","follow":"follow","max-snippet":"max-snippet:-1","max-image-preview":"max-image-preview:large","max-video-preview":"max-video-preview:-1"},"og_locale":"nb_NO","og_type":"article","og_title":"Spinn kasinospill for fargerike eventyr og store utbetalinger","og_description":"Velg blant en rekke Spin Casino-spilleautomater og nyt spillingen i ro og mak. Takket v\u00e6re v\u00e5rt samarbeid med popul\u00e6re leverand\u00f8rer tilbyr vi et bredt utvalg av spill for enhver smak.","og_url":"https:\/\/spin-casino.bet\/no\/casino\/","og_site_name":"Spin-Casino.bet NO","article_modified_time":"2025-02-21T09:37:53+00:00","twitter_card":"summary_large_image","schema":{"@context":"https:\/\/schema.org","@graph":[{"@type":"WebPage","@id":"https:\/\/spin-casino.bet\/no\/casino\/","url":"https:\/\/spin-casino.bet\/no\/casino\/","name":"Spinn kasinospill for fargerike eventyr og store utbetalinger","isPartOf":{"@id":"https:\/\/spin-casino.bet\/no\/#website"},"datePublished":"2024-12-16T14:21:13+00:00","dateModified":"2025-02-21T09:37:53+00:00","description":"Velg blant en rekke Spin Casino-spilleautomater og nyt spillingen i ro og mak. Takket v\u00e6re v\u00e5rt samarbeid med popul\u00e6re leverand\u00f8rer tilbyr vi et bredt utvalg av spill for enhver smak.","breadcrumb":{"@id":"https:\/\/spin-casino.bet\/no\/casino\/#breadcrumb"},"inLanguage":"nb-NO","potentialAction":[{"@type":"ReadAction","target":["https:\/\/spin-casino.bet\/no\/casino\/"]}]},{"@type":"BreadcrumbList","@id":"https:\/\/spin-casino.bet\/no\/casino\/#breadcrumb","itemListElement":[{"@type":"ListItem","position":1,"name":"\u0413\u043b\u0430\u0432\u043d\u0430\u044f \u0441\u0442\u0440\u0430\u043d\u0438\u0446\u0430","item":"https:\/\/spin-casino.bet\/no\/"},{"@type":"ListItem","position":2,"name":"Casino"}]},{"@type":"WebSite","@id":"https:\/\/spin-casino.bet\/no\/#website","url":"https:\/\/spin-casino.bet\/no\/","name":"Spin-Casino.bet NO","description":"","potentialAction":[{"@type":"SearchAction","target":{"@type":"EntryPoint","urlTemplate":"https:\/\/spin-casino.bet\/no\/?s={search_term_string}"},"query-input":{"@type":"PropertyValueSpecification","valueRequired":true,"valueName":"search_term_string"}}],"inLanguage":"nb-NO"}]}},"_links":{"self":[{"href":"https:\/\/spin-casino.bet\/no\/wp-json\/wp\/v2\/pages\/167","targetHints":{"allow":["GET"]}}],"collection":[{"href":"https:\/\/spin-casino.bet\/no\/wp-json\/wp\/v2\/pages"}],"about":[{"href":"https:\/\/spin-casino.bet\/no\/wp-json\/wp\/v2\/types\/page"}],"author":[{"embeddable":true,"href":"https:\/\/spin-casino.bet\/no\/wp-json\/wp\/v2\/users\/1"}],"replies":[{"embeddable":true,"href":"https:\/\/spin-casino.bet\/no\/wp-json\/wp\/v2\/comments?post=167"}],"version-history":[{"count":10,"href":"https:\/\/spin-casino.bet\/no\/wp-json\/wp\/v2\/pages\/167\/revisions"}],"predecessor-version":[{"id":275,"href":"https:\/\/spin-casino.bet\/no\/wp-json\/wp\/v2\/pages\/167\/revisions\/275"}],"wp:attachment":[{"href":"https:\/\/spin-casino.bet\/no\/wp-json\/wp\/v2\/media?parent=167"}],"curies":[{"name":"wp","href":"https:\/\/api.w.org\/{rel}","templated":true}]}}