{"id":238,"date":"2024-12-17T11:41:59","date_gmt":"2024-12-17T11:41:59","guid":{"rendered":"https:\/\/spin-casino.bet\/fr\/?page_id=238"},"modified":"2025-03-03T12:33:31","modified_gmt":"2025-03-03T12:33:31","slug":"mobile-app","status":"publish","type":"page","link":"https:\/\/spin-casino.bet\/fr\/mobile-app\/","title":{"rendered":"Application Mobile"},"content":{"rendered":"","protected":false},"excerpt":{"rendered":"","protected":false},"author":1,"featured_media":0,"parent":0,"menu_order":0,"comment_status":"closed","ping_status":"closed","template":"","meta":{"_acf_changed":false,"footnotes":""},"class_list":["post-238","page","type-page","status-publish","hentry"],"acf":[],"yoast_head":"<!-- This site is optimized with the Yoast SEO plugin v27.3 - https:\/\/yoast.com\/product\/yoast-seo-wordpress\/ -->\n<title>L&#039;application Spin Casino pour des jeux fiables<\/title>\n<meta name=\"description\" content=\"Utilisez l&#039;application Spin Casino pour jouer, activer les bonus et r\u00e9clamer vos gains. Gr\u00e2ce \u00e0 Internet, vous pouvez parier de n&#039;importe o\u00f9.\" \/>\n<meta name=\"robots\" content=\"index, follow, max-snippet:-1, max-image-preview:large, max-video-preview:-1\" \/>\n<meta property=\"og:locale\" content=\"fr_FR\" \/>\n<meta property=\"og:type\" content=\"article\" \/>\n<meta property=\"og:title\" content=\"L&#039;application Spin Casino pour des jeux fiables\" \/>\n<meta property=\"og:description\" content=\"Utilisez l&#039;application Spin Casino pour jouer, activer les bonus et r\u00e9clamer vos gains. Gr\u00e2ce \u00e0 Internet, vous pouvez parier de n&#039;importe o\u00f9.\" \/>\n<meta property=\"og:url\" content=\"https:\/\/spin-casino.bet\/fr\/mobile-app\/\" \/>\n<meta property=\"og:site_name\" content=\"Spin-Casino.bet FR\" \/>\n<meta property=\"article:modified_time\" content=\"2025-03-03T12:33:31+00:00\" \/>\n<meta name=\"twitter:card\" content=\"summary_large_image\" \/>\n<script type=\"application\/ld+json\" class=\"yoast-schema-graph\">{\"@context\":\"https:\\\/\\\/schema.org\",\"@graph\":[{\"@type\":\"WebPage\",\"@id\":\"https:\\\/\\\/spin-casino.bet\\\/fr\\\/mobile-app\\\/\",\"url\":\"https:\\\/\\\/spin-casino.bet\\\/fr\\\/mobile-app\\\/\",\"name\":\"L'application Spin Casino pour des jeux fiables\",\"isPartOf\":{\"@id\":\"https:\\\/\\\/spin-casino.bet\\\/fr\\\/#website\"},\"datePublished\":\"2024-12-17T11:41:59+00:00\",\"dateModified\":\"2025-03-03T12:33:31+00:00\",\"description\":\"Utilisez l'application Spin Casino pour jouer, activer les bonus et r\u00e9clamer vos gains. Gr\u00e2ce \u00e0 Internet, vous pouvez parier de n'importe o\u00f9.\",\"breadcrumb\":{\"@id\":\"https:\\\/\\\/spin-casino.bet\\\/fr\\\/mobile-app\\\/#breadcrumb\"},\"inLanguage\":\"fr-FR\",\"potentialAction\":[{\"@type\":\"ReadAction\",\"target\":[\"https:\\\/\\\/spin-casino.bet\\\/fr\\\/mobile-app\\\/\"]}]},{\"@type\":\"BreadcrumbList\",\"@id\":\"https:\\\/\\\/spin-casino.bet\\\/fr\\\/mobile-app\\\/#breadcrumb\",\"itemListElement\":[{\"@type\":\"ListItem\",\"position\":1,\"name\":\"\u0413\u043b\u0430\u0432\u043d\u0430\u044f \u0441\u0442\u0440\u0430\u043d\u0438\u0446\u0430\",\"item\":\"https:\\\/\\\/spin-casino.bet\\\/fr\\\/\"},{\"@type\":\"ListItem\",\"position\":2,\"name\":\"Application Mobile\"}]},{\"@type\":\"WebSite\",\"@id\":\"https:\\\/\\\/spin-casino.bet\\\/fr\\\/#website\",\"url\":\"https:\\\/\\\/spin-casino.bet\\\/fr\\\/\",\"name\":\"Spin-Casino.bet FR\",\"description\":\"\",\"potentialAction\":[{\"@type\":\"SearchAction\",\"target\":{\"@type\":\"EntryPoint\",\"urlTemplate\":\"https:\\\/\\\/spin-casino.bet\\\/fr\\\/?s={search_term_string}\"},\"query-input\":{\"@type\":\"PropertyValueSpecification\",\"valueRequired\":true,\"valueName\":\"search_term_string\"}}],\"inLanguage\":\"fr-FR\"}]}<\/script>\n<!-- \/ Yoast SEO plugin. -->","yoast_head_json":{"title":"L'application Spin Casino pour des jeux fiables","description":"Utilisez l'application Spin Casino pour jouer, activer les bonus et r\u00e9clamer vos gains. Gr\u00e2ce \u00e0 Internet, vous pouvez parier de n'importe o\u00f9.","robots":{"index":"index","follow":"follow","max-snippet":"max-snippet:-1","max-image-preview":"max-image-preview:large","max-video-preview":"max-video-preview:-1"},"og_locale":"fr_FR","og_type":"article","og_title":"L'application Spin Casino pour des jeux fiables","og_description":"Utilisez l'application Spin Casino pour jouer, activer les bonus et r\u00e9clamer vos gains. Gr\u00e2ce \u00e0 Internet, vous pouvez parier de n'importe o\u00f9.","og_url":"https:\/\/spin-casino.bet\/fr\/mobile-app\/","og_site_name":"Spin-Casino.bet FR","article_modified_time":"2025-03-03T12:33:31+00:00","twitter_card":"summary_large_image","schema":{"@context":"https:\/\/schema.org","@graph":[{"@type":"WebPage","@id":"https:\/\/spin-casino.bet\/fr\/mobile-app\/","url":"https:\/\/spin-casino.bet\/fr\/mobile-app\/","name":"L'application Spin Casino pour des jeux fiables","isPartOf":{"@id":"https:\/\/spin-casino.bet\/fr\/#website"},"datePublished":"2024-12-17T11:41:59+00:00","dateModified":"2025-03-03T12:33:31+00:00","description":"Utilisez l'application Spin Casino pour jouer, activer les bonus et r\u00e9clamer vos gains. Gr\u00e2ce \u00e0 Internet, vous pouvez parier de n'importe o\u00f9.","breadcrumb":{"@id":"https:\/\/spin-casino.bet\/fr\/mobile-app\/#breadcrumb"},"inLanguage":"fr-FR","potentialAction":[{"@type":"ReadAction","target":["https:\/\/spin-casino.bet\/fr\/mobile-app\/"]}]},{"@type":"BreadcrumbList","@id":"https:\/\/spin-casino.bet\/fr\/mobile-app\/#breadcrumb","itemListElement":[{"@type":"ListItem","position":1,"name":"\u0413\u043b\u0430\u0432\u043d\u0430\u044f \u0441\u0442\u0440\u0430\u043d\u0438\u0446\u0430","item":"https:\/\/spin-casino.bet\/fr\/"},{"@type":"ListItem","position":2,"name":"Application Mobile"}]},{"@type":"WebSite","@id":"https:\/\/spin-casino.bet\/fr\/#website","url":"https:\/\/spin-casino.bet\/fr\/","name":"Spin-Casino.bet FR","description":"","potentialAction":[{"@type":"SearchAction","target":{"@type":"EntryPoint","urlTemplate":"https:\/\/spin-casino.bet\/fr\/?s={search_term_string}"},"query-input":{"@type":"PropertyValueSpecification","valueRequired":true,"valueName":"search_term_string"}}],"inLanguage":"fr-FR"}]}},"_links":{"self":[{"href":"https:\/\/spin-casino.bet\/fr\/wp-json\/wp\/v2\/pages\/238","targetHints":{"allow":["GET"]}}],"collection":[{"href":"https:\/\/spin-casino.bet\/fr\/wp-json\/wp\/v2\/pages"}],"about":[{"href":"https:\/\/spin-casino.bet\/fr\/wp-json\/wp\/v2\/types\/page"}],"author":[{"embeddable":true,"href":"https:\/\/spin-casino.bet\/fr\/wp-json\/wp\/v2\/users\/1"}],"replies":[{"embeddable":true,"href":"https:\/\/spin-casino.bet\/fr\/wp-json\/wp\/v2\/comments?post=238"}],"version-history":[{"count":9,"href":"https:\/\/spin-casino.bet\/fr\/wp-json\/wp\/v2\/pages\/238\/revisions"}],"predecessor-version":[{"id":286,"href":"https:\/\/spin-casino.bet\/fr\/wp-json\/wp\/v2\/pages\/238\/revisions\/286"}],"wp:attachment":[{"href":"https:\/\/spin-casino.bet\/fr\/wp-json\/wp\/v2\/media?parent=238"}],"curies":[{"name":"wp","href":"https:\/\/api.w.org\/{rel}","templated":true}]}}