{"id":167,"date":"2024-12-16T14:21:13","date_gmt":"2024-12-16T14:21:13","guid":{"rendered":"https:\/\/spin-casino.bet\/fr\/?page_id=167"},"modified":"2025-03-03T12:10:16","modified_gmt":"2025-03-03T12:10:16","slug":"casino","status":"publish","type":"page","link":"https:\/\/spin-casino.bet\/fr\/casino\/","title":{"rendered":"Casino"},"content":{"rendered":"","protected":false},"excerpt":{"rendered":"","protected":false},"author":1,"featured_media":0,"parent":0,"menu_order":0,"comment_status":"closed","ping_status":"closed","template":"","meta":{"_acf_changed":false,"footnotes":""},"class_list":["post-167","page","type-page","status-publish","hentry"],"acf":[],"yoast_head":"<!-- This site is optimized with the Yoast SEO plugin v27.3 - https:\/\/yoast.com\/product\/yoast-seo-wordpress\/ -->\n<title>Jeu de casino en ligne pour des aventures color\u00e9es et des gains importants.<\/title>\n<meta name=\"description\" content=\"Choisissez parmi une vari\u00e9t\u00e9 de machines \u00e0 sous de Spin Casino et jouez en toute tranquillit\u00e9. Gr\u00e2ce \u00e0 notre partenariat avec des fournisseurs r\u00e9put\u00e9s, nous proposons une large gamme de jeux pour tous les go\u00fbts.\" \/>\n<meta name=\"robots\" content=\"index, follow, max-snippet:-1, max-image-preview:large, max-video-preview:-1\" \/>\n<meta property=\"og:locale\" content=\"fr_FR\" \/>\n<meta property=\"og:type\" content=\"article\" \/>\n<meta property=\"og:title\" content=\"Jeu de casino en ligne pour des aventures color\u00e9es et des gains importants.\" \/>\n<meta property=\"og:description\" content=\"Choisissez parmi une vari\u00e9t\u00e9 de machines \u00e0 sous de Spin Casino et jouez en toute tranquillit\u00e9. Gr\u00e2ce \u00e0 notre partenariat avec des fournisseurs r\u00e9put\u00e9s, nous proposons une large gamme de jeux pour tous les go\u00fbts.\" \/>\n<meta property=\"og:url\" content=\"https:\/\/spin-casino.bet\/fr\/casino\/\" \/>\n<meta property=\"og:site_name\" content=\"Spin-Casino.bet FR\" \/>\n<meta property=\"article:modified_time\" content=\"2025-03-03T12:10:16+00:00\" \/>\n<meta name=\"twitter:card\" content=\"summary_large_image\" \/>\n<script type=\"application\/ld+json\" class=\"yoast-schema-graph\">{\"@context\":\"https:\\\/\\\/schema.org\",\"@graph\":[{\"@type\":\"WebPage\",\"@id\":\"https:\\\/\\\/spin-casino.bet\\\/fr\\\/casino\\\/\",\"url\":\"https:\\\/\\\/spin-casino.bet\\\/fr\\\/casino\\\/\",\"name\":\"Jeu de casino en ligne pour des aventures color\u00e9es et des gains importants.\",\"isPartOf\":{\"@id\":\"https:\\\/\\\/spin-casino.bet\\\/fr\\\/#website\"},\"datePublished\":\"2024-12-16T14:21:13+00:00\",\"dateModified\":\"2025-03-03T12:10:16+00:00\",\"description\":\"Choisissez parmi une vari\u00e9t\u00e9 de machines \u00e0 sous de Spin Casino et jouez en toute tranquillit\u00e9. Gr\u00e2ce \u00e0 notre partenariat avec des fournisseurs r\u00e9put\u00e9s, nous proposons une large gamme de jeux pour tous les go\u00fbts.\",\"breadcrumb\":{\"@id\":\"https:\\\/\\\/spin-casino.bet\\\/fr\\\/casino\\\/#breadcrumb\"},\"inLanguage\":\"fr-FR\",\"potentialAction\":[{\"@type\":\"ReadAction\",\"target\":[\"https:\\\/\\\/spin-casino.bet\\\/fr\\\/casino\\\/\"]}]},{\"@type\":\"BreadcrumbList\",\"@id\":\"https:\\\/\\\/spin-casino.bet\\\/fr\\\/casino\\\/#breadcrumb\",\"itemListElement\":[{\"@type\":\"ListItem\",\"position\":1,\"name\":\"\u0413\u043b\u0430\u0432\u043d\u0430\u044f \u0441\u0442\u0440\u0430\u043d\u0438\u0446\u0430\",\"item\":\"https:\\\/\\\/spin-casino.bet\\\/fr\\\/\"},{\"@type\":\"ListItem\",\"position\":2,\"name\":\"Casino\"}]},{\"@type\":\"WebSite\",\"@id\":\"https:\\\/\\\/spin-casino.bet\\\/fr\\\/#website\",\"url\":\"https:\\\/\\\/spin-casino.bet\\\/fr\\\/\",\"name\":\"Spin-Casino.bet FR\",\"description\":\"\",\"potentialAction\":[{\"@type\":\"SearchAction\",\"target\":{\"@type\":\"EntryPoint\",\"urlTemplate\":\"https:\\\/\\\/spin-casino.bet\\\/fr\\\/?s={search_term_string}\"},\"query-input\":{\"@type\":\"PropertyValueSpecification\",\"valueRequired\":true,\"valueName\":\"search_term_string\"}}],\"inLanguage\":\"fr-FR\"}]}<\/script>\n<!-- \/ Yoast SEO plugin. -->","yoast_head_json":{"title":"Jeu de casino en ligne pour des aventures color\u00e9es et des gains importants.","description":"Choisissez parmi une vari\u00e9t\u00e9 de machines \u00e0 sous de Spin Casino et jouez en toute tranquillit\u00e9. Gr\u00e2ce \u00e0 notre partenariat avec des fournisseurs r\u00e9put\u00e9s, nous proposons une large gamme de jeux pour tous les go\u00fbts.","robots":{"index":"index","follow":"follow","max-snippet":"max-snippet:-1","max-image-preview":"max-image-preview:large","max-video-preview":"max-video-preview:-1"},"og_locale":"fr_FR","og_type":"article","og_title":"Jeu de casino en ligne pour des aventures color\u00e9es et des gains importants.","og_description":"Choisissez parmi une vari\u00e9t\u00e9 de machines \u00e0 sous de Spin Casino et jouez en toute tranquillit\u00e9. Gr\u00e2ce \u00e0 notre partenariat avec des fournisseurs r\u00e9put\u00e9s, nous proposons une large gamme de jeux pour tous les go\u00fbts.","og_url":"https:\/\/spin-casino.bet\/fr\/casino\/","og_site_name":"Spin-Casino.bet FR","article_modified_time":"2025-03-03T12:10:16+00:00","twitter_card":"summary_large_image","schema":{"@context":"https:\/\/schema.org","@graph":[{"@type":"WebPage","@id":"https:\/\/spin-casino.bet\/fr\/casino\/","url":"https:\/\/spin-casino.bet\/fr\/casino\/","name":"Jeu de casino en ligne pour des aventures color\u00e9es et des gains importants.","isPartOf":{"@id":"https:\/\/spin-casino.bet\/fr\/#website"},"datePublished":"2024-12-16T14:21:13+00:00","dateModified":"2025-03-03T12:10:16+00:00","description":"Choisissez parmi une vari\u00e9t\u00e9 de machines \u00e0 sous de Spin Casino et jouez en toute tranquillit\u00e9. Gr\u00e2ce \u00e0 notre partenariat avec des fournisseurs r\u00e9put\u00e9s, nous proposons une large gamme de jeux pour tous les go\u00fbts.","breadcrumb":{"@id":"https:\/\/spin-casino.bet\/fr\/casino\/#breadcrumb"},"inLanguage":"fr-FR","potentialAction":[{"@type":"ReadAction","target":["https:\/\/spin-casino.bet\/fr\/casino\/"]}]},{"@type":"BreadcrumbList","@id":"https:\/\/spin-casino.bet\/fr\/casino\/#breadcrumb","itemListElement":[{"@type":"ListItem","position":1,"name":"\u0413\u043b\u0430\u0432\u043d\u0430\u044f \u0441\u0442\u0440\u0430\u043d\u0438\u0446\u0430","item":"https:\/\/spin-casino.bet\/fr\/"},{"@type":"ListItem","position":2,"name":"Casino"}]},{"@type":"WebSite","@id":"https:\/\/spin-casino.bet\/fr\/#website","url":"https:\/\/spin-casino.bet\/fr\/","name":"Spin-Casino.bet FR","description":"","potentialAction":[{"@type":"SearchAction","target":{"@type":"EntryPoint","urlTemplate":"https:\/\/spin-casino.bet\/fr\/?s={search_term_string}"},"query-input":{"@type":"PropertyValueSpecification","valueRequired":true,"valueName":"search_term_string"}}],"inLanguage":"fr-FR"}]}},"_links":{"self":[{"href":"https:\/\/spin-casino.bet\/fr\/wp-json\/wp\/v2\/pages\/167","targetHints":{"allow":["GET"]}}],"collection":[{"href":"https:\/\/spin-casino.bet\/fr\/wp-json\/wp\/v2\/pages"}],"about":[{"href":"https:\/\/spin-casino.bet\/fr\/wp-json\/wp\/v2\/types\/page"}],"author":[{"embeddable":true,"href":"https:\/\/spin-casino.bet\/fr\/wp-json\/wp\/v2\/users\/1"}],"replies":[{"embeddable":true,"href":"https:\/\/spin-casino.bet\/fr\/wp-json\/wp\/v2\/comments?post=167"}],"version-history":[{"count":10,"href":"https:\/\/spin-casino.bet\/fr\/wp-json\/wp\/v2\/pages\/167\/revisions"}],"predecessor-version":[{"id":276,"href":"https:\/\/spin-casino.bet\/fr\/wp-json\/wp\/v2\/pages\/167\/revisions\/276"}],"wp:attachment":[{"href":"https:\/\/spin-casino.bet\/fr\/wp-json\/wp\/v2\/media?parent=167"}],"curies":[{"name":"wp","href":"https:\/\/api.w.org\/{rel}","templated":true}]}}