{"id":152,"date":"2023-05-18T17:39:43","date_gmt":"2023-05-18T17:39:43","guid":{"rendered":"https:\/\/spin-casino.bet\/fr\/?page_id=152"},"modified":"2025-03-03T11:54:25","modified_gmt":"2025-03-03T11:54:25","slug":"bonus","status":"publish","type":"page","link":"https:\/\/spin-casino.bet\/fr\/bonus\/","title":{"rendered":"Boni"},"content":{"rendered":"","protected":false},"excerpt":{"rendered":"","protected":false},"author":1,"featured_media":0,"parent":0,"menu_order":0,"comment_status":"closed","ping_status":"closed","template":"","meta":{"_acf_changed":false,"footnotes":""},"class_list":["post-152","page","type-page","status-publish","hentry"],"acf":[],"yoast_head":"<!-- This site is optimized with the Yoast SEO plugin v27.3 - https:\/\/yoast.com\/product\/yoast-seo-wordpress\/ -->\n<title>Spin Casino bonus pour am\u00e9liorer votre exp\u00e9rience de jeu<\/title>\n<meta name=\"description\" content=\"Utilisez le bonus de Spin Casino pour tester les jeux et vous familiariser avec les fonctionnalit\u00e9s de la plateforme. On vous offre des montants de prix, des freespins, des points de fid\u00e9lit\u00e9.\" \/>\n<meta name=\"robots\" content=\"index, follow, max-snippet:-1, max-image-preview:large, max-video-preview:-1\" \/>\n<meta property=\"og:locale\" content=\"fr_FR\" \/>\n<meta property=\"og:type\" content=\"article\" \/>\n<meta property=\"og:title\" content=\"Spin Casino bonus pour am\u00e9liorer votre exp\u00e9rience de jeu\" \/>\n<meta property=\"og:description\" content=\"Utilisez le bonus de Spin Casino pour tester les jeux et vous familiariser avec les fonctionnalit\u00e9s de la plateforme. On vous offre des montants de prix, des freespins, des points de fid\u00e9lit\u00e9.\" \/>\n<meta property=\"og:url\" content=\"https:\/\/spin-casino.bet\/fr\/bonus\/\" \/>\n<meta property=\"og:site_name\" content=\"Spin-Casino.bet FR\" \/>\n<meta property=\"article:modified_time\" content=\"2025-03-03T11:54:25+00:00\" \/>\n<meta name=\"twitter:card\" content=\"summary_large_image\" \/>\n<script type=\"application\/ld+json\" class=\"yoast-schema-graph\">{\"@context\":\"https:\\\/\\\/schema.org\",\"@graph\":[{\"@type\":\"WebPage\",\"@id\":\"https:\\\/\\\/spin-casino.bet\\\/fr\\\/bonus\\\/\",\"url\":\"https:\\\/\\\/spin-casino.bet\\\/fr\\\/bonus\\\/\",\"name\":\"Spin Casino bonus pour am\u00e9liorer votre exp\u00e9rience de jeu\",\"isPartOf\":{\"@id\":\"https:\\\/\\\/spin-casino.bet\\\/fr\\\/#website\"},\"datePublished\":\"2023-05-18T17:39:43+00:00\",\"dateModified\":\"2025-03-03T11:54:25+00:00\",\"description\":\"Utilisez le bonus de Spin Casino pour tester les jeux et vous familiariser avec les fonctionnalit\u00e9s de la plateforme. On vous offre des montants de prix, des freespins, des points de fid\u00e9lit\u00e9.\",\"breadcrumb\":{\"@id\":\"https:\\\/\\\/spin-casino.bet\\\/fr\\\/bonus\\\/#breadcrumb\"},\"inLanguage\":\"fr-FR\",\"potentialAction\":[{\"@type\":\"ReadAction\",\"target\":[\"https:\\\/\\\/spin-casino.bet\\\/fr\\\/bonus\\\/\"]}]},{\"@type\":\"BreadcrumbList\",\"@id\":\"https:\\\/\\\/spin-casino.bet\\\/fr\\\/bonus\\\/#breadcrumb\",\"itemListElement\":[{\"@type\":\"ListItem\",\"position\":1,\"name\":\"\u0413\u043b\u0430\u0432\u043d\u0430\u044f \u0441\u0442\u0440\u0430\u043d\u0438\u0446\u0430\",\"item\":\"https:\\\/\\\/spin-casino.bet\\\/fr\\\/\"},{\"@type\":\"ListItem\",\"position\":2,\"name\":\"Boni\"}]},{\"@type\":\"WebSite\",\"@id\":\"https:\\\/\\\/spin-casino.bet\\\/fr\\\/#website\",\"url\":\"https:\\\/\\\/spin-casino.bet\\\/fr\\\/\",\"name\":\"Spin-Casino.bet FR\",\"description\":\"\",\"potentialAction\":[{\"@type\":\"SearchAction\",\"target\":{\"@type\":\"EntryPoint\",\"urlTemplate\":\"https:\\\/\\\/spin-casino.bet\\\/fr\\\/?s={search_term_string}\"},\"query-input\":{\"@type\":\"PropertyValueSpecification\",\"valueRequired\":true,\"valueName\":\"search_term_string\"}}],\"inLanguage\":\"fr-FR\"}]}<\/script>\n<!-- \/ Yoast SEO plugin. -->","yoast_head_json":{"title":"Spin Casino bonus pour am\u00e9liorer votre exp\u00e9rience de jeu","description":"Utilisez le bonus de Spin Casino pour tester les jeux et vous familiariser avec les fonctionnalit\u00e9s de la plateforme. On vous offre des montants de prix, des freespins, des points de fid\u00e9lit\u00e9.","robots":{"index":"index","follow":"follow","max-snippet":"max-snippet:-1","max-image-preview":"max-image-preview:large","max-video-preview":"max-video-preview:-1"},"og_locale":"fr_FR","og_type":"article","og_title":"Spin Casino bonus pour am\u00e9liorer votre exp\u00e9rience de jeu","og_description":"Utilisez le bonus de Spin Casino pour tester les jeux et vous familiariser avec les fonctionnalit\u00e9s de la plateforme. On vous offre des montants de prix, des freespins, des points de fid\u00e9lit\u00e9.","og_url":"https:\/\/spin-casino.bet\/fr\/bonus\/","og_site_name":"Spin-Casino.bet FR","article_modified_time":"2025-03-03T11:54:25+00:00","twitter_card":"summary_large_image","schema":{"@context":"https:\/\/schema.org","@graph":[{"@type":"WebPage","@id":"https:\/\/spin-casino.bet\/fr\/bonus\/","url":"https:\/\/spin-casino.bet\/fr\/bonus\/","name":"Spin Casino bonus pour am\u00e9liorer votre exp\u00e9rience de jeu","isPartOf":{"@id":"https:\/\/spin-casino.bet\/fr\/#website"},"datePublished":"2023-05-18T17:39:43+00:00","dateModified":"2025-03-03T11:54:25+00:00","description":"Utilisez le bonus de Spin Casino pour tester les jeux et vous familiariser avec les fonctionnalit\u00e9s de la plateforme. On vous offre des montants de prix, des freespins, des points de fid\u00e9lit\u00e9.","breadcrumb":{"@id":"https:\/\/spin-casino.bet\/fr\/bonus\/#breadcrumb"},"inLanguage":"fr-FR","potentialAction":[{"@type":"ReadAction","target":["https:\/\/spin-casino.bet\/fr\/bonus\/"]}]},{"@type":"BreadcrumbList","@id":"https:\/\/spin-casino.bet\/fr\/bonus\/#breadcrumb","itemListElement":[{"@type":"ListItem","position":1,"name":"\u0413\u043b\u0430\u0432\u043d\u0430\u044f \u0441\u0442\u0440\u0430\u043d\u0438\u0446\u0430","item":"https:\/\/spin-casino.bet\/fr\/"},{"@type":"ListItem","position":2,"name":"Boni"}]},{"@type":"WebSite","@id":"https:\/\/spin-casino.bet\/fr\/#website","url":"https:\/\/spin-casino.bet\/fr\/","name":"Spin-Casino.bet FR","description":"","potentialAction":[{"@type":"SearchAction","target":{"@type":"EntryPoint","urlTemplate":"https:\/\/spin-casino.bet\/fr\/?s={search_term_string}"},"query-input":{"@type":"PropertyValueSpecification","valueRequired":true,"valueName":"search_term_string"}}],"inLanguage":"fr-FR"}]}},"_links":{"self":[{"href":"https:\/\/spin-casino.bet\/fr\/wp-json\/wp\/v2\/pages\/152","targetHints":{"allow":["GET"]}}],"collection":[{"href":"https:\/\/spin-casino.bet\/fr\/wp-json\/wp\/v2\/pages"}],"about":[{"href":"https:\/\/spin-casino.bet\/fr\/wp-json\/wp\/v2\/types\/page"}],"author":[{"embeddable":true,"href":"https:\/\/spin-casino.bet\/fr\/wp-json\/wp\/v2\/users\/1"}],"replies":[{"embeddable":true,"href":"https:\/\/spin-casino.bet\/fr\/wp-json\/wp\/v2\/comments?post=152"}],"version-history":[{"count":14,"href":"https:\/\/spin-casino.bet\/fr\/wp-json\/wp\/v2\/pages\/152\/revisions"}],"predecessor-version":[{"id":272,"href":"https:\/\/spin-casino.bet\/fr\/wp-json\/wp\/v2\/pages\/152\/revisions\/272"}],"wp:attachment":[{"href":"https:\/\/spin-casino.bet\/fr\/wp-json\/wp\/v2\/media?parent=152"}],"curies":[{"name":"wp","href":"https:\/\/api.w.org\/{rel}","templated":true}]}}