{"id":2,"date":"2023-05-18T17:18:34","date_gmt":"2023-05-18T17:18:34","guid":{"rendered":"https:\/\/spin-casino.bet\/fi\/?page_id=2"},"modified":"2024-12-26T11:25:09","modified_gmt":"2024-12-26T11:25:09","slug":"sample-page","status":"publish","type":"page","link":"https:\/\/spin-casino.bet\/fi\/","title":{"rendered":"Kotisivu"},"content":{"rendered":"","protected":false},"excerpt":{"rendered":"","protected":false},"author":1,"featured_media":0,"parent":0,"menu_order":0,"comment_status":"closed","ping_status":"open","template":"","meta":{"_acf_changed":false,"footnotes":""},"class_list":["post-2","page","type-page","status-publish","hentry"],"acf":[],"yoast_head":"<!-- This site is optimized with the Yoast SEO plugin v27.3 - https:\/\/yoast.com\/product\/yoast-seo-wordpress\/ -->\n<title>Spin Casino pelaajien eloisille tunteille<\/title>\n<meta name=\"description\" content=\"Spin Casino tarjoaa parhaat pelit ja bonukset. T\u00e4\u00e4ll\u00e4 on saatavilla kanta-asiakasohjelma, ja k\u00e4ytet\u00e4\u00e4n luotettavia turvaj\u00e4rjestelmi\u00e4. Pelaa verkossa ja nauti prosessista.\" \/>\n<meta name=\"robots\" content=\"index, follow, max-snippet:-1, max-image-preview:large, max-video-preview:-1\" \/>\n<meta property=\"og:locale\" content=\"fi_FI\" \/>\n<meta property=\"og:type\" content=\"article\" \/>\n<meta property=\"og:title\" content=\"Spin Casino pelaajien eloisille tunteille\" \/>\n<meta property=\"og:description\" content=\"Spin Casino tarjoaa parhaat pelit ja bonukset. T\u00e4\u00e4ll\u00e4 on saatavilla kanta-asiakasohjelma, ja k\u00e4ytet\u00e4\u00e4n luotettavia turvaj\u00e4rjestelmi\u00e4. Pelaa verkossa ja nauti prosessista.\" \/>\n<meta property=\"og:url\" content=\"https:\/\/spin-casino.bet\/fi\/\" \/>\n<meta property=\"og:site_name\" content=\"Spin-Casino.bet FI\" \/>\n<meta property=\"article:modified_time\" content=\"2024-12-26T11:25:09+00:00\" \/>\n<meta name=\"twitter:card\" content=\"summary_large_image\" \/>\n<script type=\"application\/ld+json\" class=\"yoast-schema-graph\">{\"@context\":\"https:\\\/\\\/schema.org\",\"@graph\":[{\"@type\":\"WebPage\",\"@id\":\"https:\\\/\\\/spin-casino.bet\\\/fi\\\/\",\"url\":\"https:\\\/\\\/spin-casino.bet\\\/fi\\\/\",\"name\":\"Spin Casino pelaajien eloisille tunteille\",\"isPartOf\":{\"@id\":\"https:\\\/\\\/spin-casino.bet\\\/fi\\\/#website\"},\"datePublished\":\"2023-05-18T17:18:34+00:00\",\"dateModified\":\"2024-12-26T11:25:09+00:00\",\"description\":\"Spin Casino tarjoaa parhaat pelit ja bonukset. T\u00e4\u00e4ll\u00e4 on saatavilla kanta-asiakasohjelma, ja k\u00e4ytet\u00e4\u00e4n luotettavia turvaj\u00e4rjestelmi\u00e4. Pelaa verkossa ja nauti prosessista.\",\"breadcrumb\":{\"@id\":\"https:\\\/\\\/spin-casino.bet\\\/fi\\\/#breadcrumb\"},\"inLanguage\":\"fi\",\"potentialAction\":[{\"@type\":\"ReadAction\",\"target\":[\"https:\\\/\\\/spin-casino.bet\\\/fi\\\/\"]}]},{\"@type\":\"BreadcrumbList\",\"@id\":\"https:\\\/\\\/spin-casino.bet\\\/fi\\\/#breadcrumb\",\"itemListElement\":[{\"@type\":\"ListItem\",\"position\":1,\"name\":\"\u0413\u043b\u0430\u0432\u043d\u0430\u044f \u0441\u0442\u0440\u0430\u043d\u0438\u0446\u0430\",\"item\":\"https:\\\/\\\/spin-casino.bet\\\/fi\\\/\"},{\"@type\":\"ListItem\",\"position\":2,\"name\":\"Kotisivu\"}]},{\"@type\":\"WebSite\",\"@id\":\"https:\\\/\\\/spin-casino.bet\\\/fi\\\/#website\",\"url\":\"https:\\\/\\\/spin-casino.bet\\\/fi\\\/\",\"name\":\"Spin-Casino.bet FI\",\"description\":\"\",\"potentialAction\":[{\"@type\":\"SearchAction\",\"target\":{\"@type\":\"EntryPoint\",\"urlTemplate\":\"https:\\\/\\\/spin-casino.bet\\\/fi\\\/?s={search_term_string}\"},\"query-input\":{\"@type\":\"PropertyValueSpecification\",\"valueRequired\":true,\"valueName\":\"search_term_string\"}}],\"inLanguage\":\"fi\"}]}<\/script>\n<!-- \/ Yoast SEO plugin. -->","yoast_head_json":{"title":"Spin Casino pelaajien eloisille tunteille","description":"Spin Casino tarjoaa parhaat pelit ja bonukset. T\u00e4\u00e4ll\u00e4 on saatavilla kanta-asiakasohjelma, ja k\u00e4ytet\u00e4\u00e4n luotettavia turvaj\u00e4rjestelmi\u00e4. Pelaa verkossa ja nauti prosessista.","robots":{"index":"index","follow":"follow","max-snippet":"max-snippet:-1","max-image-preview":"max-image-preview:large","max-video-preview":"max-video-preview:-1"},"og_locale":"fi_FI","og_type":"article","og_title":"Spin Casino pelaajien eloisille tunteille","og_description":"Spin Casino tarjoaa parhaat pelit ja bonukset. T\u00e4\u00e4ll\u00e4 on saatavilla kanta-asiakasohjelma, ja k\u00e4ytet\u00e4\u00e4n luotettavia turvaj\u00e4rjestelmi\u00e4. Pelaa verkossa ja nauti prosessista.","og_url":"https:\/\/spin-casino.bet\/fi\/","og_site_name":"Spin-Casino.bet FI","article_modified_time":"2024-12-26T11:25:09+00:00","twitter_card":"summary_large_image","schema":{"@context":"https:\/\/schema.org","@graph":[{"@type":"WebPage","@id":"https:\/\/spin-casino.bet\/fi\/","url":"https:\/\/spin-casino.bet\/fi\/","name":"Spin Casino pelaajien eloisille tunteille","isPartOf":{"@id":"https:\/\/spin-casino.bet\/fi\/#website"},"datePublished":"2023-05-18T17:18:34+00:00","dateModified":"2024-12-26T11:25:09+00:00","description":"Spin Casino tarjoaa parhaat pelit ja bonukset. T\u00e4\u00e4ll\u00e4 on saatavilla kanta-asiakasohjelma, ja k\u00e4ytet\u00e4\u00e4n luotettavia turvaj\u00e4rjestelmi\u00e4. Pelaa verkossa ja nauti prosessista.","breadcrumb":{"@id":"https:\/\/spin-casino.bet\/fi\/#breadcrumb"},"inLanguage":"fi","potentialAction":[{"@type":"ReadAction","target":["https:\/\/spin-casino.bet\/fi\/"]}]},{"@type":"BreadcrumbList","@id":"https:\/\/spin-casino.bet\/fi\/#breadcrumb","itemListElement":[{"@type":"ListItem","position":1,"name":"\u0413\u043b\u0430\u0432\u043d\u0430\u044f \u0441\u0442\u0440\u0430\u043d\u0438\u0446\u0430","item":"https:\/\/spin-casino.bet\/fi\/"},{"@type":"ListItem","position":2,"name":"Kotisivu"}]},{"@type":"WebSite","@id":"https:\/\/spin-casino.bet\/fi\/#website","url":"https:\/\/spin-casino.bet\/fi\/","name":"Spin-Casino.bet FI","description":"","potentialAction":[{"@type":"SearchAction","target":{"@type":"EntryPoint","urlTemplate":"https:\/\/spin-casino.bet\/fi\/?s={search_term_string}"},"query-input":{"@type":"PropertyValueSpecification","valueRequired":true,"valueName":"search_term_string"}}],"inLanguage":"fi"}]}},"_links":{"self":[{"href":"https:\/\/spin-casino.bet\/fi\/wp-json\/wp\/v2\/pages\/2","targetHints":{"allow":["GET"]}}],"collection":[{"href":"https:\/\/spin-casino.bet\/fi\/wp-json\/wp\/v2\/pages"}],"about":[{"href":"https:\/\/spin-casino.bet\/fi\/wp-json\/wp\/v2\/types\/page"}],"author":[{"embeddable":true,"href":"https:\/\/spin-casino.bet\/fi\/wp-json\/wp\/v2\/users\/1"}],"replies":[{"embeddable":true,"href":"https:\/\/spin-casino.bet\/fi\/wp-json\/wp\/v2\/comments?post=2"}],"version-history":[{"count":15,"href":"https:\/\/spin-casino.bet\/fi\/wp-json\/wp\/v2\/pages\/2\/revisions"}],"predecessor-version":[{"id":267,"href":"https:\/\/spin-casino.bet\/fi\/wp-json\/wp\/v2\/pages\/2\/revisions\/267"}],"wp:attachment":[{"href":"https:\/\/spin-casino.bet\/fi\/wp-json\/wp\/v2\/media?parent=2"}],"curies":[{"name":"wp","href":"https:\/\/api.w.org\/{rel}","templated":true}]}}