{"id":172,"date":"2024-12-17T07:15:52","date_gmt":"2024-12-17T07:15:52","guid":{"rendered":"https:\/\/spin-casino.bet\/fi\/?page_id=172"},"modified":"2024-12-26T12:10:43","modified_gmt":"2024-12-26T12:10:43","slug":"registration","status":"publish","type":"page","link":"https:\/\/spin-casino.bet\/fi\/registration\/","title":{"rendered":"Rekister\u00f6inti"},"content":{"rendered":"","protected":false},"excerpt":{"rendered":"","protected":false},"author":1,"featured_media":0,"parent":0,"menu_order":0,"comment_status":"closed","ping_status":"closed","template":"","meta":{"_acf_changed":false,"footnotes":""},"class_list":["post-172","page","type-page","status-publish","hentry"],"acf":[],"yoast_head":"<!-- This site is optimized with the Yoast SEO plugin v27.3 - https:\/\/yoast.com\/product\/yoast-seo-wordpress\/ -->\n<title>Spin Casino kirjautuminen ja rekister\u00f6ityminen pelaajille<\/title>\n<meta name=\"description\" content=\"Luo tili virallisella sivustolla ja nauti pelist\u00e4. Saat my\u00f6s Spin Casinon rekister\u00f6itymisbonuksen kohokohtia varten.\" \/>\n<meta name=\"robots\" content=\"index, follow, max-snippet:-1, max-image-preview:large, max-video-preview:-1\" \/>\n<meta property=\"og:locale\" content=\"fi_FI\" \/>\n<meta property=\"og:type\" content=\"article\" \/>\n<meta property=\"og:title\" content=\"Spin Casino kirjautuminen ja rekister\u00f6ityminen pelaajille\" \/>\n<meta property=\"og:description\" content=\"Luo tili virallisella sivustolla ja nauti pelist\u00e4. Saat my\u00f6s Spin Casinon rekister\u00f6itymisbonuksen kohokohtia varten.\" \/>\n<meta property=\"og:url\" content=\"https:\/\/spin-casino.bet\/fi\/registration\/\" \/>\n<meta property=\"og:site_name\" content=\"Spin-Casino.bet FI\" \/>\n<meta property=\"article:modified_time\" content=\"2024-12-26T12:10:43+00:00\" \/>\n<meta name=\"twitter:card\" content=\"summary_large_image\" \/>\n<script type=\"application\/ld+json\" class=\"yoast-schema-graph\">{\"@context\":\"https:\\\/\\\/schema.org\",\"@graph\":[{\"@type\":\"WebPage\",\"@id\":\"https:\\\/\\\/spin-casino.bet\\\/fi\\\/registration\\\/\",\"url\":\"https:\\\/\\\/spin-casino.bet\\\/fi\\\/registration\\\/\",\"name\":\"Spin Casino kirjautuminen ja rekister\u00f6ityminen pelaajille\",\"isPartOf\":{\"@id\":\"https:\\\/\\\/spin-casino.bet\\\/fi\\\/#website\"},\"datePublished\":\"2024-12-17T07:15:52+00:00\",\"dateModified\":\"2024-12-26T12:10:43+00:00\",\"description\":\"Luo tili virallisella sivustolla ja nauti pelist\u00e4. Saat my\u00f6s Spin Casinon rekister\u00f6itymisbonuksen kohokohtia varten.\",\"breadcrumb\":{\"@id\":\"https:\\\/\\\/spin-casino.bet\\\/fi\\\/registration\\\/#breadcrumb\"},\"inLanguage\":\"fi\",\"potentialAction\":[{\"@type\":\"ReadAction\",\"target\":[\"https:\\\/\\\/spin-casino.bet\\\/fi\\\/registration\\\/\"]}]},{\"@type\":\"BreadcrumbList\",\"@id\":\"https:\\\/\\\/spin-casino.bet\\\/fi\\\/registration\\\/#breadcrumb\",\"itemListElement\":[{\"@type\":\"ListItem\",\"position\":1,\"name\":\"\u0413\u043b\u0430\u0432\u043d\u0430\u044f \u0441\u0442\u0440\u0430\u043d\u0438\u0446\u0430\",\"item\":\"https:\\\/\\\/spin-casino.bet\\\/fi\\\/\"},{\"@type\":\"ListItem\",\"position\":2,\"name\":\"Rekister\u00f6inti\"}]},{\"@type\":\"WebSite\",\"@id\":\"https:\\\/\\\/spin-casino.bet\\\/fi\\\/#website\",\"url\":\"https:\\\/\\\/spin-casino.bet\\\/fi\\\/\",\"name\":\"Spin-Casino.bet FI\",\"description\":\"\",\"potentialAction\":[{\"@type\":\"SearchAction\",\"target\":{\"@type\":\"EntryPoint\",\"urlTemplate\":\"https:\\\/\\\/spin-casino.bet\\\/fi\\\/?s={search_term_string}\"},\"query-input\":{\"@type\":\"PropertyValueSpecification\",\"valueRequired\":true,\"valueName\":\"search_term_string\"}}],\"inLanguage\":\"fi\"}]}<\/script>\n<!-- \/ Yoast SEO plugin. -->","yoast_head_json":{"title":"Spin Casino kirjautuminen ja rekister\u00f6ityminen pelaajille","description":"Luo tili virallisella sivustolla ja nauti pelist\u00e4. Saat my\u00f6s Spin Casinon rekister\u00f6itymisbonuksen kohokohtia varten.","robots":{"index":"index","follow":"follow","max-snippet":"max-snippet:-1","max-image-preview":"max-image-preview:large","max-video-preview":"max-video-preview:-1"},"og_locale":"fi_FI","og_type":"article","og_title":"Spin Casino kirjautuminen ja rekister\u00f6ityminen pelaajille","og_description":"Luo tili virallisella sivustolla ja nauti pelist\u00e4. Saat my\u00f6s Spin Casinon rekister\u00f6itymisbonuksen kohokohtia varten.","og_url":"https:\/\/spin-casino.bet\/fi\/registration\/","og_site_name":"Spin-Casino.bet FI","article_modified_time":"2024-12-26T12:10:43+00:00","twitter_card":"summary_large_image","schema":{"@context":"https:\/\/schema.org","@graph":[{"@type":"WebPage","@id":"https:\/\/spin-casino.bet\/fi\/registration\/","url":"https:\/\/spin-casino.bet\/fi\/registration\/","name":"Spin Casino kirjautuminen ja rekister\u00f6ityminen pelaajille","isPartOf":{"@id":"https:\/\/spin-casino.bet\/fi\/#website"},"datePublished":"2024-12-17T07:15:52+00:00","dateModified":"2024-12-26T12:10:43+00:00","description":"Luo tili virallisella sivustolla ja nauti pelist\u00e4. Saat my\u00f6s Spin Casinon rekister\u00f6itymisbonuksen kohokohtia varten.","breadcrumb":{"@id":"https:\/\/spin-casino.bet\/fi\/registration\/#breadcrumb"},"inLanguage":"fi","potentialAction":[{"@type":"ReadAction","target":["https:\/\/spin-casino.bet\/fi\/registration\/"]}]},{"@type":"BreadcrumbList","@id":"https:\/\/spin-casino.bet\/fi\/registration\/#breadcrumb","itemListElement":[{"@type":"ListItem","position":1,"name":"\u0413\u043b\u0430\u0432\u043d\u0430\u044f \u0441\u0442\u0440\u0430\u043d\u0438\u0446\u0430","item":"https:\/\/spin-casino.bet\/fi\/"},{"@type":"ListItem","position":2,"name":"Rekister\u00f6inti"}]},{"@type":"WebSite","@id":"https:\/\/spin-casino.bet\/fi\/#website","url":"https:\/\/spin-casino.bet\/fi\/","name":"Spin-Casino.bet FI","description":"","potentialAction":[{"@type":"SearchAction","target":{"@type":"EntryPoint","urlTemplate":"https:\/\/spin-casino.bet\/fi\/?s={search_term_string}"},"query-input":{"@type":"PropertyValueSpecification","valueRequired":true,"valueName":"search_term_string"}}],"inLanguage":"fi"}]}},"_links":{"self":[{"href":"https:\/\/spin-casino.bet\/fi\/wp-json\/wp\/v2\/pages\/172","targetHints":{"allow":["GET"]}}],"collection":[{"href":"https:\/\/spin-casino.bet\/fi\/wp-json\/wp\/v2\/pages"}],"about":[{"href":"https:\/\/spin-casino.bet\/fi\/wp-json\/wp\/v2\/types\/page"}],"author":[{"embeddable":true,"href":"https:\/\/spin-casino.bet\/fi\/wp-json\/wp\/v2\/users\/1"}],"replies":[{"embeddable":true,"href":"https:\/\/spin-casino.bet\/fi\/wp-json\/wp\/v2\/comments?post=172"}],"version-history":[{"count":9,"href":"https:\/\/spin-casino.bet\/fi\/wp-json\/wp\/v2\/pages\/172\/revisions"}],"predecessor-version":[{"id":275,"href":"https:\/\/spin-casino.bet\/fi\/wp-json\/wp\/v2\/pages\/172\/revisions\/275"}],"wp:attachment":[{"href":"https:\/\/spin-casino.bet\/fi\/wp-json\/wp\/v2\/media?parent=172"}],"curies":[{"name":"wp","href":"https:\/\/api.w.org\/{rel}","templated":true}]}}