{"id":172,"date":"2024-12-17T07:15:52","date_gmt":"2024-12-17T07:15:52","guid":{"rendered":"https:\/\/spin-casino.bet\/dk\/?page_id=172"},"modified":"2025-03-12T08:09:47","modified_gmt":"2025-03-12T08:09:47","slug":"registration","status":"publish","type":"page","link":"https:\/\/spin-casino.bet\/dk\/registration\/","title":{"rendered":"Registrering"},"content":{"rendered":"","protected":false},"excerpt":{"rendered":"","protected":false},"author":1,"featured_media":0,"parent":0,"menu_order":0,"comment_status":"closed","ping_status":"closed","template":"","meta":{"_acf_changed":false,"footnotes":""},"class_list":["post-172","page","type-page","status-publish","hentry"],"acf":[],"yoast_head":"<!-- This site is optimized with the Yoast SEO plugin v27.3 - https:\/\/yoast.com\/product\/yoast-seo-wordpress\/ -->\n<title>Spin Casino login og registrering for spillere<\/title>\n<meta name=\"description\" content=\"Opret en konto p\u00e5 den officielle side, og nyd spillet. F\u00e5 ogs\u00e5 Spin Casino-tilmeldingsbonus til h\u00f8jdepunkterne.\" \/>\n<meta name=\"robots\" content=\"index, follow, max-snippet:-1, max-image-preview:large, max-video-preview:-1\" \/>\n<meta property=\"og:locale\" content=\"da_DK\" \/>\n<meta property=\"og:type\" content=\"article\" \/>\n<meta property=\"og:title\" content=\"Spin Casino login og registrering for spillere\" \/>\n<meta property=\"og:description\" content=\"Opret en konto p\u00e5 den officielle side, og nyd spillet. F\u00e5 ogs\u00e5 Spin Casino-tilmeldingsbonus til h\u00f8jdepunkterne.\" \/>\n<meta property=\"og:url\" content=\"https:\/\/spin-casino.bet\/dk\/registration\/\" \/>\n<meta property=\"og:site_name\" content=\"Spin-Casino.bet DK\" \/>\n<meta property=\"article:modified_time\" content=\"2025-03-12T08:09:47+00:00\" \/>\n<meta name=\"twitter:card\" content=\"summary_large_image\" \/>\n<script type=\"application\/ld+json\" class=\"yoast-schema-graph\">{\"@context\":\"https:\\\/\\\/schema.org\",\"@graph\":[{\"@type\":\"WebPage\",\"@id\":\"https:\\\/\\\/spin-casino.bet\\\/dk\\\/registration\\\/\",\"url\":\"https:\\\/\\\/spin-casino.bet\\\/dk\\\/registration\\\/\",\"name\":\"Spin Casino login og registrering for spillere\",\"isPartOf\":{\"@id\":\"https:\\\/\\\/spin-casino.bet\\\/dk\\\/#website\"},\"datePublished\":\"2024-12-17T07:15:52+00:00\",\"dateModified\":\"2025-03-12T08:09:47+00:00\",\"description\":\"Opret en konto p\u00e5 den officielle side, og nyd spillet. F\u00e5 ogs\u00e5 Spin Casino-tilmeldingsbonus til h\u00f8jdepunkterne.\",\"breadcrumb\":{\"@id\":\"https:\\\/\\\/spin-casino.bet\\\/dk\\\/registration\\\/#breadcrumb\"},\"inLanguage\":\"da-DK\",\"potentialAction\":[{\"@type\":\"ReadAction\",\"target\":[\"https:\\\/\\\/spin-casino.bet\\\/dk\\\/registration\\\/\"]}]},{\"@type\":\"BreadcrumbList\",\"@id\":\"https:\\\/\\\/spin-casino.bet\\\/dk\\\/registration\\\/#breadcrumb\",\"itemListElement\":[{\"@type\":\"ListItem\",\"position\":1,\"name\":\"\u0413\u043b\u0430\u0432\u043d\u0430\u044f \u0441\u0442\u0440\u0430\u043d\u0438\u0446\u0430\",\"item\":\"https:\\\/\\\/spin-casino.bet\\\/dk\\\/\"},{\"@type\":\"ListItem\",\"position\":2,\"name\":\"Registrering\"}]},{\"@type\":\"WebSite\",\"@id\":\"https:\\\/\\\/spin-casino.bet\\\/dk\\\/#website\",\"url\":\"https:\\\/\\\/spin-casino.bet\\\/dk\\\/\",\"name\":\"Spin-Casino.bet DK\",\"description\":\"\",\"potentialAction\":[{\"@type\":\"SearchAction\",\"target\":{\"@type\":\"EntryPoint\",\"urlTemplate\":\"https:\\\/\\\/spin-casino.bet\\\/dk\\\/?s={search_term_string}\"},\"query-input\":{\"@type\":\"PropertyValueSpecification\",\"valueRequired\":true,\"valueName\":\"search_term_string\"}}],\"inLanguage\":\"da-DK\"}]}<\/script>\n<!-- \/ Yoast SEO plugin. -->","yoast_head_json":{"title":"Spin Casino login og registrering for spillere","description":"Opret en konto p\u00e5 den officielle side, og nyd spillet. F\u00e5 ogs\u00e5 Spin Casino-tilmeldingsbonus til h\u00f8jdepunkterne.","robots":{"index":"index","follow":"follow","max-snippet":"max-snippet:-1","max-image-preview":"max-image-preview:large","max-video-preview":"max-video-preview:-1"},"og_locale":"da_DK","og_type":"article","og_title":"Spin Casino login og registrering for spillere","og_description":"Opret en konto p\u00e5 den officielle side, og nyd spillet. F\u00e5 ogs\u00e5 Spin Casino-tilmeldingsbonus til h\u00f8jdepunkterne.","og_url":"https:\/\/spin-casino.bet\/dk\/registration\/","og_site_name":"Spin-Casino.bet DK","article_modified_time":"2025-03-12T08:09:47+00:00","twitter_card":"summary_large_image","schema":{"@context":"https:\/\/schema.org","@graph":[{"@type":"WebPage","@id":"https:\/\/spin-casino.bet\/dk\/registration\/","url":"https:\/\/spin-casino.bet\/dk\/registration\/","name":"Spin Casino login og registrering for spillere","isPartOf":{"@id":"https:\/\/spin-casino.bet\/dk\/#website"},"datePublished":"2024-12-17T07:15:52+00:00","dateModified":"2025-03-12T08:09:47+00:00","description":"Opret en konto p\u00e5 den officielle side, og nyd spillet. F\u00e5 ogs\u00e5 Spin Casino-tilmeldingsbonus til h\u00f8jdepunkterne.","breadcrumb":{"@id":"https:\/\/spin-casino.bet\/dk\/registration\/#breadcrumb"},"inLanguage":"da-DK","potentialAction":[{"@type":"ReadAction","target":["https:\/\/spin-casino.bet\/dk\/registration\/"]}]},{"@type":"BreadcrumbList","@id":"https:\/\/spin-casino.bet\/dk\/registration\/#breadcrumb","itemListElement":[{"@type":"ListItem","position":1,"name":"\u0413\u043b\u0430\u0432\u043d\u0430\u044f \u0441\u0442\u0440\u0430\u043d\u0438\u0446\u0430","item":"https:\/\/spin-casino.bet\/dk\/"},{"@type":"ListItem","position":2,"name":"Registrering"}]},{"@type":"WebSite","@id":"https:\/\/spin-casino.bet\/dk\/#website","url":"https:\/\/spin-casino.bet\/dk\/","name":"Spin-Casino.bet DK","description":"","potentialAction":[{"@type":"SearchAction","target":{"@type":"EntryPoint","urlTemplate":"https:\/\/spin-casino.bet\/dk\/?s={search_term_string}"},"query-input":{"@type":"PropertyValueSpecification","valueRequired":true,"valueName":"search_term_string"}}],"inLanguage":"da-DK"}]}},"_links":{"self":[{"href":"https:\/\/spin-casino.bet\/dk\/wp-json\/wp\/v2\/pages\/172","targetHints":{"allow":["GET"]}}],"collection":[{"href":"https:\/\/spin-casino.bet\/dk\/wp-json\/wp\/v2\/pages"}],"about":[{"href":"https:\/\/spin-casino.bet\/dk\/wp-json\/wp\/v2\/types\/page"}],"author":[{"embeddable":true,"href":"https:\/\/spin-casino.bet\/dk\/wp-json\/wp\/v2\/users\/1"}],"replies":[{"embeddable":true,"href":"https:\/\/spin-casino.bet\/dk\/wp-json\/wp\/v2\/comments?post=172"}],"version-history":[{"count":12,"href":"https:\/\/spin-casino.bet\/dk\/wp-json\/wp\/v2\/pages\/172\/revisions"}],"predecessor-version":[{"id":295,"href":"https:\/\/spin-casino.bet\/dk\/wp-json\/wp\/v2\/pages\/172\/revisions\/295"}],"wp:attachment":[{"href":"https:\/\/spin-casino.bet\/dk\/wp-json\/wp\/v2\/media?parent=172"}],"curies":[{"name":"wp","href":"https:\/\/api.w.org\/{rel}","templated":true}]}}