{"id":234,"date":"2024-12-17T10:37:35","date_gmt":"2024-12-17T10:37:35","guid":{"rendered":"https:\/\/spin-casino.bet\/de\/?page_id=234"},"modified":"2024-12-24T13:03:38","modified_gmt":"2024-12-24T13:03:38","slug":"promo-code","status":"publish","type":"page","link":"https:\/\/spin-casino.bet\/de\/promo-code\/","title":{"rendered":"Aktionscode"},"content":{"rendered":"","protected":false},"excerpt":{"rendered":"","protected":false},"author":1,"featured_media":0,"parent":0,"menu_order":0,"comment_status":"closed","ping_status":"closed","template":"","meta":{"_acf_changed":false,"footnotes":""},"class_list":["post-234","page","type-page","status-publish","hentry"],"acf":[],"yoast_head":"<!-- This site is optimized with the Yoast SEO plugin v27.3 - https:\/\/yoast.com\/product\/yoast-seo-wordpress\/ -->\n<title>Spin Casino Promo-Code f\u00fcr Spieler<\/title>\n<meta name=\"description\" content=\"Verwenden Sie Spin Casino-Bonuscodes, um Preise f\u00fcr Ihre Aktivit\u00e4ten zu erhalten. Freespins, zus\u00e4tzliche Betr\u00e4ge auf Ihrem Konto und Treuepunkte warten auf Sie.\" \/>\n<meta name=\"robots\" content=\"index, follow, max-snippet:-1, max-image-preview:large, max-video-preview:-1\" \/>\n<meta property=\"og:locale\" content=\"de_DE\" \/>\n<meta property=\"og:type\" content=\"article\" \/>\n<meta property=\"og:title\" content=\"Spin Casino Promo-Code f\u00fcr Spieler\" \/>\n<meta property=\"og:description\" content=\"Verwenden Sie Spin Casino-Bonuscodes, um Preise f\u00fcr Ihre Aktivit\u00e4ten zu erhalten. Freespins, zus\u00e4tzliche Betr\u00e4ge auf Ihrem Konto und Treuepunkte warten auf Sie.\" \/>\n<meta property=\"og:url\" content=\"https:\/\/spin-casino.bet\/de\/promo-code\/\" \/>\n<meta property=\"og:site_name\" content=\"Spin-Casino.bet DE\" \/>\n<meta property=\"article:modified_time\" content=\"2024-12-24T13:03:38+00:00\" \/>\n<meta name=\"twitter:card\" content=\"summary_large_image\" \/>\n<script type=\"application\/ld+json\" class=\"yoast-schema-graph\">{\"@context\":\"https:\\\/\\\/schema.org\",\"@graph\":[{\"@type\":\"WebPage\",\"@id\":\"https:\\\/\\\/spin-casino.bet\\\/de\\\/promo-code\\\/\",\"url\":\"https:\\\/\\\/spin-casino.bet\\\/de\\\/promo-code\\\/\",\"name\":\"Spin Casino Promo-Code f\u00fcr Spieler\",\"isPartOf\":{\"@id\":\"https:\\\/\\\/spin-casino.bet\\\/de\\\/#website\"},\"datePublished\":\"2024-12-17T10:37:35+00:00\",\"dateModified\":\"2024-12-24T13:03:38+00:00\",\"description\":\"Verwenden Sie Spin Casino-Bonuscodes, um Preise f\u00fcr Ihre Aktivit\u00e4ten zu erhalten. Freespins, zus\u00e4tzliche Betr\u00e4ge auf Ihrem Konto und Treuepunkte warten auf Sie.\",\"breadcrumb\":{\"@id\":\"https:\\\/\\\/spin-casino.bet\\\/de\\\/promo-code\\\/#breadcrumb\"},\"inLanguage\":\"de\",\"potentialAction\":[{\"@type\":\"ReadAction\",\"target\":[\"https:\\\/\\\/spin-casino.bet\\\/de\\\/promo-code\\\/\"]}]},{\"@type\":\"BreadcrumbList\",\"@id\":\"https:\\\/\\\/spin-casino.bet\\\/de\\\/promo-code\\\/#breadcrumb\",\"itemListElement\":[{\"@type\":\"ListItem\",\"position\":1,\"name\":\"\u0413\u043b\u0430\u0432\u043d\u0430\u044f \u0441\u0442\u0440\u0430\u043d\u0438\u0446\u0430\",\"item\":\"https:\\\/\\\/spin-casino.bet\\\/de\\\/\"},{\"@type\":\"ListItem\",\"position\":2,\"name\":\"Aktionscode\"}]},{\"@type\":\"WebSite\",\"@id\":\"https:\\\/\\\/spin-casino.bet\\\/de\\\/#website\",\"url\":\"https:\\\/\\\/spin-casino.bet\\\/de\\\/\",\"name\":\"Spin-Casino.bet DE\",\"description\":\"\",\"potentialAction\":[{\"@type\":\"SearchAction\",\"target\":{\"@type\":\"EntryPoint\",\"urlTemplate\":\"https:\\\/\\\/spin-casino.bet\\\/de\\\/?s={search_term_string}\"},\"query-input\":{\"@type\":\"PropertyValueSpecification\",\"valueRequired\":true,\"valueName\":\"search_term_string\"}}],\"inLanguage\":\"de\"}]}<\/script>\n<!-- \/ Yoast SEO plugin. -->","yoast_head_json":{"title":"Spin Casino Promo-Code f\u00fcr Spieler","description":"Verwenden Sie Spin Casino-Bonuscodes, um Preise f\u00fcr Ihre Aktivit\u00e4ten zu erhalten. Freespins, zus\u00e4tzliche Betr\u00e4ge auf Ihrem Konto und Treuepunkte warten auf Sie.","robots":{"index":"index","follow":"follow","max-snippet":"max-snippet:-1","max-image-preview":"max-image-preview:large","max-video-preview":"max-video-preview:-1"},"og_locale":"de_DE","og_type":"article","og_title":"Spin Casino Promo-Code f\u00fcr Spieler","og_description":"Verwenden Sie Spin Casino-Bonuscodes, um Preise f\u00fcr Ihre Aktivit\u00e4ten zu erhalten. Freespins, zus\u00e4tzliche Betr\u00e4ge auf Ihrem Konto und Treuepunkte warten auf Sie.","og_url":"https:\/\/spin-casino.bet\/de\/promo-code\/","og_site_name":"Spin-Casino.bet DE","article_modified_time":"2024-12-24T13:03:38+00:00","twitter_card":"summary_large_image","schema":{"@context":"https:\/\/schema.org","@graph":[{"@type":"WebPage","@id":"https:\/\/spin-casino.bet\/de\/promo-code\/","url":"https:\/\/spin-casino.bet\/de\/promo-code\/","name":"Spin Casino Promo-Code f\u00fcr Spieler","isPartOf":{"@id":"https:\/\/spin-casino.bet\/de\/#website"},"datePublished":"2024-12-17T10:37:35+00:00","dateModified":"2024-12-24T13:03:38+00:00","description":"Verwenden Sie Spin Casino-Bonuscodes, um Preise f\u00fcr Ihre Aktivit\u00e4ten zu erhalten. Freespins, zus\u00e4tzliche Betr\u00e4ge auf Ihrem Konto und Treuepunkte warten auf Sie.","breadcrumb":{"@id":"https:\/\/spin-casino.bet\/de\/promo-code\/#breadcrumb"},"inLanguage":"de","potentialAction":[{"@type":"ReadAction","target":["https:\/\/spin-casino.bet\/de\/promo-code\/"]}]},{"@type":"BreadcrumbList","@id":"https:\/\/spin-casino.bet\/de\/promo-code\/#breadcrumb","itemListElement":[{"@type":"ListItem","position":1,"name":"\u0413\u043b\u0430\u0432\u043d\u0430\u044f \u0441\u0442\u0440\u0430\u043d\u0438\u0446\u0430","item":"https:\/\/spin-casino.bet\/de\/"},{"@type":"ListItem","position":2,"name":"Aktionscode"}]},{"@type":"WebSite","@id":"https:\/\/spin-casino.bet\/de\/#website","url":"https:\/\/spin-casino.bet\/de\/","name":"Spin-Casino.bet DE","description":"","potentialAction":[{"@type":"SearchAction","target":{"@type":"EntryPoint","urlTemplate":"https:\/\/spin-casino.bet\/de\/?s={search_term_string}"},"query-input":{"@type":"PropertyValueSpecification","valueRequired":true,"valueName":"search_term_string"}}],"inLanguage":"de"}]}},"_links":{"self":[{"href":"https:\/\/spin-casino.bet\/de\/wp-json\/wp\/v2\/pages\/234","targetHints":{"allow":["GET"]}}],"collection":[{"href":"https:\/\/spin-casino.bet\/de\/wp-json\/wp\/v2\/pages"}],"about":[{"href":"https:\/\/spin-casino.bet\/de\/wp-json\/wp\/v2\/types\/page"}],"author":[{"embeddable":true,"href":"https:\/\/spin-casino.bet\/de\/wp-json\/wp\/v2\/users\/1"}],"replies":[{"embeddable":true,"href":"https:\/\/spin-casino.bet\/de\/wp-json\/wp\/v2\/comments?post=234"}],"version-history":[{"count":8,"href":"https:\/\/spin-casino.bet\/de\/wp-json\/wp\/v2\/pages\/234\/revisions"}],"predecessor-version":[{"id":274,"href":"https:\/\/spin-casino.bet\/de\/wp-json\/wp\/v2\/pages\/234\/revisions\/274"}],"wp:attachment":[{"href":"https:\/\/spin-casino.bet\/de\/wp-json\/wp\/v2\/media?parent=234"}],"curies":[{"name":"wp","href":"https:\/\/api.w.org\/{rel}","templated":true}]}}