{"id":2,"date":"2023-05-18T17:18:34","date_gmt":"2023-05-18T17:18:34","guid":{"rendered":"https:\/\/spin-casino.bet\/br\/?page_id=2"},"modified":"2024-12-20T07:21:17","modified_gmt":"2024-12-20T07:21:17","slug":"sample-page","status":"publish","type":"page","link":"https:\/\/spin-casino.bet\/br\/","title":{"rendered":"Home"},"content":{"rendered":"","protected":false},"excerpt":{"rendered":"","protected":false},"author":1,"featured_media":0,"parent":0,"menu_order":0,"comment_status":"closed","ping_status":"open","template":"","meta":{"_acf_changed":false,"footnotes":""},"class_list":["post-2","page","type-page","status-publish","hentry"],"acf":[],"yoast_head":"<!-- This site is optimized with the Yoast SEO plugin v27.3 - https:\/\/yoast.com\/product\/yoast-seo-wordpress\/ -->\n<title>Spin Casino para as emo\u00e7\u00f5es vivas dos jogadores<\/title>\n<meta name=\"description\" content=\"O Spin Casino oferece os melhores jogos e b\u00f4nus. Um programa de fidelidade est\u00e1 dispon\u00edvel aqui e sistemas de seguran\u00e7a confi\u00e1veis s\u00e3o usados. Jogue on-line e aproveite o processo.\" \/>\n<meta name=\"robots\" content=\"index, follow, max-snippet:-1, max-image-preview:large, max-video-preview:-1\" \/>\n<meta property=\"og:locale\" content=\"pt_BR\" \/>\n<meta property=\"og:type\" content=\"article\" \/>\n<meta property=\"og:title\" content=\"Spin Casino para as emo\u00e7\u00f5es vivas dos jogadores\" \/>\n<meta property=\"og:description\" content=\"O Spin Casino oferece os melhores jogos e b\u00f4nus. Um programa de fidelidade est\u00e1 dispon\u00edvel aqui e sistemas de seguran\u00e7a confi\u00e1veis s\u00e3o usados. Jogue on-line e aproveite o processo.\" \/>\n<meta property=\"og:url\" content=\"https:\/\/spin-casino.bet\/br\/\" \/>\n<meta property=\"og:site_name\" content=\"Spin-Casino.bet BR\" \/>\n<meta property=\"article:modified_time\" content=\"2024-12-20T07:21:17+00:00\" \/>\n<meta name=\"twitter:card\" content=\"summary_large_image\" \/>\n<script type=\"application\/ld+json\" class=\"yoast-schema-graph\">{\"@context\":\"https:\\\/\\\/schema.org\",\"@graph\":[{\"@type\":\"WebPage\",\"@id\":\"https:\\\/\\\/spin-casino.bet\\\/br\\\/\",\"url\":\"https:\\\/\\\/spin-casino.bet\\\/br\\\/\",\"name\":\"Spin Casino para as emo\u00e7\u00f5es vivas dos jogadores\",\"isPartOf\":{\"@id\":\"https:\\\/\\\/spin-casino.bet\\\/br\\\/#website\"},\"datePublished\":\"2023-05-18T17:18:34+00:00\",\"dateModified\":\"2024-12-20T07:21:17+00:00\",\"description\":\"O Spin Casino oferece os melhores jogos e b\u00f4nus. Um programa de fidelidade est\u00e1 dispon\u00edvel aqui e sistemas de seguran\u00e7a confi\u00e1veis s\u00e3o usados. Jogue on-line e aproveite o processo.\",\"breadcrumb\":{\"@id\":\"https:\\\/\\\/spin-casino.bet\\\/br\\\/#breadcrumb\"},\"inLanguage\":\"pt-BR\",\"potentialAction\":[{\"@type\":\"ReadAction\",\"target\":[\"https:\\\/\\\/spin-casino.bet\\\/br\\\/\"]}]},{\"@type\":\"BreadcrumbList\",\"@id\":\"https:\\\/\\\/spin-casino.bet\\\/br\\\/#breadcrumb\",\"itemListElement\":[{\"@type\":\"ListItem\",\"position\":1,\"name\":\"\u0413\u043b\u0430\u0432\u043d\u0430\u044f \u0441\u0442\u0440\u0430\u043d\u0438\u0446\u0430\",\"item\":\"https:\\\/\\\/spin-casino.bet\\\/br\\\/\"},{\"@type\":\"ListItem\",\"position\":2,\"name\":\"Home\"}]},{\"@type\":\"WebSite\",\"@id\":\"https:\\\/\\\/spin-casino.bet\\\/br\\\/#website\",\"url\":\"https:\\\/\\\/spin-casino.bet\\\/br\\\/\",\"name\":\"Spin-Casino.bet BR\",\"description\":\"\",\"potentialAction\":[{\"@type\":\"SearchAction\",\"target\":{\"@type\":\"EntryPoint\",\"urlTemplate\":\"https:\\\/\\\/spin-casino.bet\\\/br\\\/?s={search_term_string}\"},\"query-input\":{\"@type\":\"PropertyValueSpecification\",\"valueRequired\":true,\"valueName\":\"search_term_string\"}}],\"inLanguage\":\"pt-BR\"}]}<\/script>\n<!-- \/ Yoast SEO plugin. -->","yoast_head_json":{"title":"Spin Casino para as emo\u00e7\u00f5es vivas dos jogadores","description":"O Spin Casino oferece os melhores jogos e b\u00f4nus. Um programa de fidelidade est\u00e1 dispon\u00edvel aqui e sistemas de seguran\u00e7a confi\u00e1veis s\u00e3o usados. Jogue on-line e aproveite o processo.","robots":{"index":"index","follow":"follow","max-snippet":"max-snippet:-1","max-image-preview":"max-image-preview:large","max-video-preview":"max-video-preview:-1"},"og_locale":"pt_BR","og_type":"article","og_title":"Spin Casino para as emo\u00e7\u00f5es vivas dos jogadores","og_description":"O Spin Casino oferece os melhores jogos e b\u00f4nus. Um programa de fidelidade est\u00e1 dispon\u00edvel aqui e sistemas de seguran\u00e7a confi\u00e1veis s\u00e3o usados. Jogue on-line e aproveite o processo.","og_url":"https:\/\/spin-casino.bet\/br\/","og_site_name":"Spin-Casino.bet BR","article_modified_time":"2024-12-20T07:21:17+00:00","twitter_card":"summary_large_image","schema":{"@context":"https:\/\/schema.org","@graph":[{"@type":"WebPage","@id":"https:\/\/spin-casino.bet\/br\/","url":"https:\/\/spin-casino.bet\/br\/","name":"Spin Casino para as emo\u00e7\u00f5es vivas dos jogadores","isPartOf":{"@id":"https:\/\/spin-casino.bet\/br\/#website"},"datePublished":"2023-05-18T17:18:34+00:00","dateModified":"2024-12-20T07:21:17+00:00","description":"O Spin Casino oferece os melhores jogos e b\u00f4nus. Um programa de fidelidade est\u00e1 dispon\u00edvel aqui e sistemas de seguran\u00e7a confi\u00e1veis s\u00e3o usados. Jogue on-line e aproveite o processo.","breadcrumb":{"@id":"https:\/\/spin-casino.bet\/br\/#breadcrumb"},"inLanguage":"pt-BR","potentialAction":[{"@type":"ReadAction","target":["https:\/\/spin-casino.bet\/br\/"]}]},{"@type":"BreadcrumbList","@id":"https:\/\/spin-casino.bet\/br\/#breadcrumb","itemListElement":[{"@type":"ListItem","position":1,"name":"\u0413\u043b\u0430\u0432\u043d\u0430\u044f \u0441\u0442\u0440\u0430\u043d\u0438\u0446\u0430","item":"https:\/\/spin-casino.bet\/br\/"},{"@type":"ListItem","position":2,"name":"Home"}]},{"@type":"WebSite","@id":"https:\/\/spin-casino.bet\/br\/#website","url":"https:\/\/spin-casino.bet\/br\/","name":"Spin-Casino.bet BR","description":"","potentialAction":[{"@type":"SearchAction","target":{"@type":"EntryPoint","urlTemplate":"https:\/\/spin-casino.bet\/br\/?s={search_term_string}"},"query-input":{"@type":"PropertyValueSpecification","valueRequired":true,"valueName":"search_term_string"}}],"inLanguage":"pt-BR"}]}},"_links":{"self":[{"href":"https:\/\/spin-casino.bet\/br\/wp-json\/wp\/v2\/pages\/2","targetHints":{"allow":["GET"]}}],"collection":[{"href":"https:\/\/spin-casino.bet\/br\/wp-json\/wp\/v2\/pages"}],"about":[{"href":"https:\/\/spin-casino.bet\/br\/wp-json\/wp\/v2\/types\/page"}],"author":[{"embeddable":true,"href":"https:\/\/spin-casino.bet\/br\/wp-json\/wp\/v2\/users\/1"}],"replies":[{"embeddable":true,"href":"https:\/\/spin-casino.bet\/br\/wp-json\/wp\/v2\/comments?post=2"}],"version-history":[{"count":13,"href":"https:\/\/spin-casino.bet\/br\/wp-json\/wp\/v2\/pages\/2\/revisions"}],"predecessor-version":[{"id":267,"href":"https:\/\/spin-casino.bet\/br\/wp-json\/wp\/v2\/pages\/2\/revisions\/267"}],"wp:attachment":[{"href":"https:\/\/spin-casino.bet\/br\/wp-json\/wp\/v2\/media?parent=2"}],"curies":[{"name":"wp","href":"https:\/\/api.w.org\/{rel}","templated":true}]}}